{"id":2825,"date":"2023-05-15T09:00:48","date_gmt":"2023-05-15T07:00:48","guid":{"rendered":"https:\/\/italcleaneurope.it\/kontakt\/"},"modified":"2023-10-27T22:02:11","modified_gmt":"2023-10-27T20:02:11","slug":"kontakt","status":"publish","type":"page","link":"https:\/\/italcleaneurope.it\/de\/kontakt\/","title":{"rendered":"Kontakt"},"content":{"rendered":"\t\t<div data-elementor-type=\"wp-page\" data-elementor-id=\"2825\" class=\"elementor elementor-2825 elementor-15\" data-elementor-post-type=\"page\">\n\t\t\t\t\t\t<section class=\"elementor-section elementor-top-section elementor-element elementor-element-9f66296 elementor-section-full_width elementor-section-height-default elementor-section-height-default\" data-id=\"9f66296\" data-element_type=\"section\" data-e-type=\"section\">\n\t\t\t\t\t\t<div class=\"elementor-container elementor-column-gap-no\">\n\t\t\t\t\t<div class=\"elementor-column elementor-col-100 elementor-top-column elementor-element elementor-element-4ef020b\" data-id=\"4ef020b\" data-element_type=\"column\" data-e-type=\"column\">\n\t\t\t<div class=\"elementor-widget-wrap elementor-element-populated\">\n\t\t\t\t\t\t<div class=\"elementor-element elementor-element-f878880 elementor-widget elementor-widget-template\" data-id=\"f878880\" data-element_type=\"widget\" data-e-type=\"widget\" data-widget_type=\"template.default\">\n\t\t\t\t<div class=\"elementor-widget-container\">\n\t\t\t\t\t\t\t<div class=\"elementor-template\">\n\t\t\t\t\t<div data-elementor-type=\"section\" data-elementor-id=\"2932\" class=\"elementor elementor-2932 elementor-206\" data-elementor-post-type=\"elementor_library\">\n\t\t\t\t\t<section class=\"elementor-section elementor-top-section elementor-element elementor-element-27ad75e elementor-section-boxed elementor-section-height-default elementor-section-height-default\" data-id=\"27ad75e\" data-element_type=\"section\" data-e-type=\"section\" data-settings=\"{&quot;background_background&quot;:&quot;classic&quot;}\">\n\t\t\t\t\t\t\t<div class=\"elementor-background-overlay\"><\/div>\n\t\t\t\t\t\t\t<div class=\"elementor-container elementor-column-gap-default\">\n\t\t\t\t\t<div class=\"elementor-column elementor-col-100 elementor-top-column elementor-element elementor-element-95be41d\" data-id=\"95be41d\" data-element_type=\"column\" data-e-type=\"column\">\n\t\t\t<div class=\"elementor-widget-wrap elementor-element-populated\">\n\t\t\t\t\t\t<div class=\"elementor-element elementor-element-8895610 elementor-align-center elementor-widget elementor-widget-breadcrumbs\" data-id=\"8895610\" data-element_type=\"widget\" data-e-type=\"widget\" data-widget_type=\"breadcrumbs.default\">\n\t\t\t\t<div class=\"elementor-widget-container\">\n\t\t\t\t\t<nav id=\"breadcrumbs\"><span><span><a href=\"https:\/\/italcleaneurope.it\/de\/startseite\/\">Home<\/a><\/span><\/span><\/nav>\t\t\t\t<\/div>\n\t\t\t\t<\/div>\n\t\t\t\t\t<\/div>\n\t\t<\/div>\n\t\t\t\t\t<\/div>\n\t\t<\/section>\n\t\t\t\t<\/div>\n\t\t\t\t<\/div>\n\t\t\t\t\t\t<\/div>\n\t\t\t\t<\/div>\n\t\t\t\t\t<\/div>\n\t\t<\/div>\n\t\t\t\t\t<\/div>\n\t\t<\/section>\n\t\t\t\t<section class=\"elementor-section elementor-top-section elementor-element elementor-element-4e7357e elementor-section-boxed elementor-section-height-default elementor-section-height-default\" data-id=\"4e7357e\" data-element_type=\"section\" data-e-type=\"section\">\n\t\t\t\t\t\t<div class=\"elementor-container elementor-column-gap-default\">\n\t\t\t\t\t<div class=\"elementor-column elementor-col-100 elementor-top-column elementor-element elementor-element-65f8fbc\" data-id=\"65f8fbc\" data-element_type=\"column\" data-e-type=\"column\">\n\t\t\t<div class=\"elementor-widget-wrap elementor-element-populated\">\n\t\t\t\t\t\t<div class=\"elementor-element elementor-element-d02e72e elementor-widget elementor-widget-google_maps\" data-id=\"d02e72e\" data-element_type=\"widget\" data-e-type=\"widget\" data-widget_type=\"google_maps.default\">\n\t\t\t\t<div class=\"elementor-widget-container\">\n\t\t\t\t\t\t\t<div class=\"elementor-custom-embed\">\n\t\t\t<iframe loading=\"lazy\"\n\t\t\t\t\tsrc=\"https:\/\/maps.google.com\/maps?q=Strada%20circonvallazione%2C%2028%20Villafranca%20Piemonte%20%28TO%29&#038;t=m&#038;z=13&#038;output=embed&#038;iwloc=near\"\n\t\t\t\t\ttitle=\"Strada circonvallazione, 28 Villafranca Piemonte (TO)\"\n\t\t\t\t\taria-label=\"Strada circonvallazione, 28 Villafranca Piemonte (TO)\"\n\t\t\t><\/iframe>\n\t\t<\/div>\n\t\t\t\t\t\t<\/div>\n\t\t\t\t<\/div>\n\t\t\t\t\t<\/div>\n\t\t<\/div>\n\t\t\t\t\t<\/div>\n\t\t<\/section>\n\t\t\t\t<section class=\"elementor-section elementor-top-section elementor-element elementor-element-f17efef elementor-section-boxed elementor-section-height-default elementor-section-height-default\" data-id=\"f17efef\" data-element_type=\"section\" data-e-type=\"section\">\n\t\t\t\t\t\t<div class=\"elementor-container elementor-column-gap-default\">\n\t\t\t\t\t<div class=\"elementor-column elementor-col-50 elementor-top-column elementor-element elementor-element-6c2f4be\" data-id=\"6c2f4be\" data-element_type=\"column\" data-e-type=\"column\">\n\t\t\t<div class=\"elementor-widget-wrap elementor-element-populated\">\n\t\t\t\t\t\t<div class=\"elementor-element elementor-element-3030035 elementor-widget elementor-widget-image\" data-id=\"3030035\" data-element_type=\"widget\" data-e-type=\"widget\" data-widget_type=\"image.default\">\n\t\t\t\t<div class=\"elementor-widget-container\">\n\t\t\t\t\t\t\t\t\t\t\t\t\t\t\t<img decoding=\"async\" width=\"229\" height=\"51\" src=\"https:\/\/italcleaneurope.it\/wp-content\/uploads\/2023\/05\/logo.png\" class=\"attachment-large size-large wp-image-38\" alt=\"\" \/>\t\t\t\t\t\t\t\t\t\t\t\t\t\t\t<\/div>\n\t\t\t\t<\/div>\n\t\t\t\t<div class=\"elementor-element elementor-element-822465b elementor-align-start elementor-icon-list--layout-traditional elementor-list-item-link-full_width elementor-widget elementor-widget-icon-list\" data-id=\"822465b\" data-element_type=\"widget\" data-e-type=\"widget\" data-widget_type=\"icon-list.default\">\n\t\t\t\t<div class=\"elementor-widget-container\">\n\t\t\t\t\t\t\t<ul class=\"elementor-icon-list-items\">\n\t\t\t\t\t\t\t<li class=\"elementor-icon-list-item\">\n\t\t\t\t\t\t\t\t\t\t\t<a href=\"mailto:info@italcleaneurope.com\">\n\n\t\t\t\t\t\t\t\t\t\t\t\t<span class=\"elementor-icon-list-icon\">\n\t\t\t\t\t\t\t<i aria-hidden=\"true\" class=\"far fa-envelope\"><\/i>\t\t\t\t\t\t<\/span>\n\t\t\t\t\t\t\t\t\t\t<span class=\"elementor-icon-list-text\">E-Mail: info@italcleaneurope.com<\/span>\n\t\t\t\t\t\t\t\t\t\t\t<\/a>\n\t\t\t\t\t\t\t\t\t<\/li>\n\t\t\t\t\t\t\t\t<li class=\"elementor-icon-list-item\">\n\t\t\t\t\t\t\t\t\t\t\t<a href=\"tel:+390119809261\">\n\n\t\t\t\t\t\t\t\t\t\t\t\t<span class=\"elementor-icon-list-icon\">\n\t\t\t\t\t\t\t<i aria-hidden=\"true\" class=\"fas fa-phone-alt\"><\/i>\t\t\t\t\t\t<\/span>\n\t\t\t\t\t\t\t\t\t\t<span class=\"elementor-icon-list-text\">Tel: +39 011 9809261<\/span>\n\t\t\t\t\t\t\t\t\t\t\t<\/a>\n\t\t\t\t\t\t\t\t\t<\/li>\n\t\t\t\t\t\t\t\t<li class=\"elementor-icon-list-item\">\n\t\t\t\t\t\t\t\t\t\t\t<a href=\"https:\/\/www.google.com\/maps\/dir\/\/Str.+Circonvallazione,+28,+10068+Villafranca+Piemonte+TO\/@44.7626133,7.3392033,12z\/data=!4m8!4m7!1m0!1m5!1m1!1s0x47881ef9fe775931:0x7195668594ec72df!2m2!1d7.5026986!2d44.7953523?entry=ttu\" target=\"_blank\">\n\n\t\t\t\t\t\t\t\t\t\t\t\t<span class=\"elementor-icon-list-icon\">\n\t\t\t\t\t\t\t<i aria-hidden=\"true\" class=\"fas fa-map-marker\"><\/i>\t\t\t\t\t\t<\/span>\n\t\t\t\t\t\t\t\t\t\t<span class=\"elementor-icon-list-text\">Strada Circonvallazione, 28 10068 Villafranca Piemonte (TO) Italien<\/span>\n\t\t\t\t\t\t\t\t\t\t\t<\/a>\n\t\t\t\t\t\t\t\t\t<\/li>\n\t\t\t\t\t\t<\/ul>\n\t\t\t\t\t\t<\/div>\n\t\t\t\t<\/div>\n\t\t\t\t\t<\/div>\n\t\t<\/div>\n\t\t\t\t<div class=\"elementor-column elementor-col-50 elementor-top-column elementor-element elementor-element-72413b8\" data-id=\"72413b8\" data-element_type=\"column\" data-e-type=\"column\">\n\t\t\t<div class=\"elementor-widget-wrap elementor-element-populated\">\n\t\t\t\t\t\t<div class=\"elementor-element elementor-element-bba0829 elementor-widget elementor-widget-wpforms\" data-id=\"bba0829\" data-element_type=\"widget\" data-e-type=\"widget\" data-widget_type=\"wpforms.default\">\n\t\t\t\t<div class=\"elementor-widget-container\">\n\t\t\t\t\t<div class=\"wpforms-container wpforms-container-full wpforms-render-modern\" id=\"wpforms-662\"><form id=\"wpforms-form-662\" class=\"wpforms-validate wpforms-form wpforms-ajax-form\" data-formid=\"662\" method=\"post\" enctype=\"multipart\/form-data\" action=\"\/de\/wp-json\/wp\/v2\/pages\/2825\" data-token=\"023af589f4dcf5b111f21472e433e2ea\" data-token-time=\"1778514806\"><noscript class=\"wpforms-error-noscript\">Bitte aktiviere JavaScript in deinem Browser, um dieses Formular fertigzustellen.<\/noscript><div id=\"wpforms-error-noscript\" style=\"display: none;\">Bitte aktiviere JavaScript in deinem Browser, um dieses Formular fertigzustellen.<\/div><div class=\"wpforms-field-container\"><div id=\"wpforms-662-field_0-container\" class=\"wpforms-field wpforms-field-name\" data-field-id=\"0\"><fieldset><legend class=\"wpforms-field-label\">Name <span class=\"wpforms-required-label\" aria-hidden=\"true\">*<\/span><\/legend><div class=\"wpforms-field-row wpforms-field-large\"><div class=\"wpforms-field-row-block wpforms-first wpforms-one-half\"><input type=\"text\" id=\"wpforms-662-field_0\" class=\"wpforms-field-name-first wpforms-field-required\" name=\"wpforms[fields][0][first]\" aria-errormessage=\"wpforms-662-field_0-error\" required><label for=\"wpforms-662-field_0\" class=\"wpforms-field-sublabel after\">Vorname<\/label><\/div><div class=\"wpforms-field-row-block wpforms-one-half\"><input type=\"text\" id=\"wpforms-662-field_0-last\" class=\"wpforms-field-name-last wpforms-field-required\" name=\"wpforms[fields][0][last]\" aria-errormessage=\"wpforms-662-field_0-last-error\" required><label for=\"wpforms-662-field_0-last\" class=\"wpforms-field-sublabel after\">Nachname<\/label><\/div><\/div><\/fieldset><\/div><div id=\"wpforms-662-field_1-container\" class=\"wpforms-field wpforms-field-email\" data-field-id=\"1\"><label class=\"wpforms-field-label\" for=\"wpforms-662-field_1\">E-Mail <span class=\"wpforms-required-label\" aria-hidden=\"true\">*<\/span><\/label><input type=\"email\" id=\"wpforms-662-field_1\" class=\"wpforms-field-large wpforms-field-required\" name=\"wpforms[fields][1]\" spellcheck=\"false\" aria-errormessage=\"wpforms-662-field_1-error\" required><\/div><div id=\"wpforms-662-field_3-container\" class=\"wpforms-field wpforms-field-number\" data-field-id=\"3\"><label class=\"wpforms-field-label\" for=\"wpforms-662-field_3\">Mobiltelefon <span class=\"wpforms-required-label\" aria-hidden=\"true\">*<\/span><\/label><input type=\"number\" id=\"wpforms-662-field_3\" class=\"wpforms-field-large wpforms-field-required\" name=\"wpforms[fields][3]\" step=\"any\" aria-errormessage=\"wpforms-662-field_3-error\" required><\/div><div id=\"wpforms-662-field_2-container\" class=\"wpforms-field wpforms-field-textarea\" data-field-id=\"2\"><label class=\"wpforms-field-label\" for=\"wpforms-662-field_2\">Kommentar oder Nachricht<\/label><textarea id=\"wpforms-662-field_2\" class=\"wpforms-field-medium\" name=\"wpforms[fields][2]\" aria-errormessage=\"wpforms-662-field_2-error\" ><\/textarea><\/div><div id=\"wpforms-662-field_4-container\" class=\"wpforms-field wpforms-field-checkbox\" data-field-id=\"4\"><fieldset><legend class=\"wpforms-field-label\">Verarbeitung von personenbezogenen Daten <span class=\"wpforms-required-label\" aria-hidden=\"true\">*<\/span><\/legend><ul id=\"wpforms-662-field_4\" class=\"wpforms-field-required\"><li class=\"choice-1 depth-1\"><input type=\"checkbox\" id=\"wpforms-662-field_4_1\" name=\"wpforms[fields][4][]\" value=\"Ich bin damit einverstanden, dass meine pers\u00f6nlichen Daten gem\u00e4\u00df den geltenden Rechtsvorschriften verarbeitet werden. &lt;a target=&quot;blank&quot; href=&quot;https:\/\/italcleaneurope.it\/de\/datenschutz\/&quot;&gt;Datenschutz&lt;\/a&gt;\" aria-errormessage=\"wpforms-662-field_4_1-error\" required ><label class=\"wpforms-field-label-inline\" for=\"wpforms-662-field_4_1\">Ich bin damit einverstanden, dass meine pers\u00f6nlichen Daten gem\u00e4\u00df den geltenden Rechtsvorschriften verarbeitet werden. <a target=\"blank\" href=\"https:\/\/italcleaneurope.it\/de\/datenschutz\/\">Datenschutz<\/a><\/label><\/li><\/ul><\/fieldset><\/div><\/div><!-- .wpforms-field-container --><div class=\"wpforms-recaptcha-container wpforms-is-recaptcha wpforms-is-recaptcha-type-v3\" ><input type=\"hidden\" name=\"wpforms[recaptcha]\" value=\"\"><\/div><div class=\"wpforms-submit-container\" ><input type=\"hidden\" name=\"wpforms[id]\" value=\"662\"><input type=\"hidden\" name=\"page_title\" value=\"\"><input type=\"hidden\" name=\"page_url\" value=\"https:\/\/italcleaneurope.it\/de\/wp-json\/wp\/v2\/pages\/2825\"><input type=\"hidden\" name=\"url_referer\" value=\"\"><button type=\"submit\" name=\"wpforms[submit]\" id=\"wpforms-submit-662\" class=\"wpforms-submit\" data-alt-text=\"Ich schicke...\" data-submit-text=\"Senden Sie\" aria-live=\"assertive\" value=\"wpforms-submit\">Senden Sie<\/button><img decoding=\"async\" src=\"https:\/\/italcleaneurope.it\/wp-content\/plugins\/wpforms-lite\/assets\/images\/submit-spin.svg\" class=\"wpforms-submit-spinner\" style=\"display: none;\" width=\"26\" height=\"26\" alt=\"Wird geladen\"><\/div><\/form><\/div>  <!-- .wpforms-container -->\t\t\t\t<\/div>\n\t\t\t\t<\/div>\n\t\t\t\t\t<\/div>\n\t\t<\/div>\n\t\t\t\t\t<\/div>\n\t\t<\/section>\n\t\t\t\t<\/div>\n\t\t","protected":false},"excerpt":{"rendered":"<p>E-Mail: info@italcleaneurope.com Tel: +39 011 9809261 Strada Circonvallazione, 28 10068 Villafranca Piemonte (TO) Italien Abilita JavaScript nel browser per completare questo modulo.Abilita JavaScript nel browser per completare questo modulo. Nome * NomeCognome Email *Cellulare *Commento o messaggio Trattamento dati personali * Acconsento al trattamento dei miei dati personali in conformit\u00e0 alla normativa vigente. Privacy Invia<\/p>\n","protected":false},"author":1,"featured_media":0,"parent":0,"menu_order":0,"comment_status":"closed","ping_status":"closed","template":"elementor_header_footer","meta":{"_acf_changed":false,"footnotes":""},"class_list":["post-2825","page","type-page","status-publish","hentry"],"acf":[],"yoast_head":"<!-- This site is optimized with the Yoast SEO plugin v27.5 - https:\/\/yoast.com\/product\/yoast-seo-wordpress\/ -->\n<title>Kontakt - Italclean Europe | La pulizia dove serve e quando serve<\/title>\n<meta name=\"description\" content=\"Kontakt - Italclean Europe: Leader nella vendita di macchine per la pulizia industriale, offre soluzioni innovative e di alta qualit\u00e0 per soddisfare tutte le esigenze di igiene professionale. Scopri la nostra gamma di prodotti avanzati e affidabili per una pulizia efficiente e sicura.\" \/>\n<meta name=\"robots\" content=\"index, follow, max-snippet:-1, max-image-preview:large, max-video-preview:-1\" \/>\n<link rel=\"canonical\" href=\"https:\/\/italcleaneurope.it\/de\/kontakt\/\" \/>\n<meta property=\"og:locale\" content=\"de_DE\" \/>\n<meta property=\"og:type\" content=\"article\" \/>\n<meta property=\"og:title\" content=\"Kontakt - Italclean Europe | La pulizia dove serve e quando serve\" \/>\n<meta property=\"og:description\" content=\"Kontakt - Italclean Europe: Leader nella vendita di macchine per la pulizia industriale, offre soluzioni innovative e di alta qualit\u00e0 per soddisfare tutte le esigenze di igiene professionale. Scopri la nostra gamma di prodotti avanzati e affidabili per una pulizia efficiente e sicura.\" \/>\n<meta property=\"og:url\" content=\"https:\/\/italcleaneurope.it\/de\/kontakt\/\" \/>\n<meta property=\"og:site_name\" content=\"Italclean Europe | La pulizia dove serve e quando serve\" \/>\n<meta property=\"article:modified_time\" content=\"2023-10-27T20:02:11+00:00\" \/>\n<meta property=\"og:image\" content=\"https:\/\/italcleaneurope.it\/wp-content\/uploads\/2023\/05\/logo.png\" \/>\n<meta name=\"twitter:card\" content=\"summary_large_image\" \/>\n<meta name=\"twitter:label1\" content=\"Gesch\u00e4tzte Lesezeit\" \/>\n\t<meta name=\"twitter:data1\" content=\"1\u00a0Minute\" \/>\n<script type=\"application\/ld+json\" class=\"yoast-schema-graph\">{\"@context\":\"https:\\\/\\\/schema.org\",\"@graph\":[{\"@type\":\"WebPage\",\"@id\":\"https:\\\/\\\/italcleaneurope.it\\\/de\\\/kontakt\\\/\",\"url\":\"https:\\\/\\\/italcleaneurope.it\\\/de\\\/kontakt\\\/\",\"name\":\"Kontakt - Italclean Europe | La pulizia dove serve e quando serve\",\"isPartOf\":{\"@id\":\"https:\\\/\\\/italcleaneurope.it\\\/de\\\/#website\"},\"primaryImageOfPage\":{\"@id\":\"https:\\\/\\\/italcleaneurope.it\\\/de\\\/kontakt\\\/#primaryimage\"},\"image\":{\"@id\":\"https:\\\/\\\/italcleaneurope.it\\\/de\\\/kontakt\\\/#primaryimage\"},\"thumbnailUrl\":\"https:\\\/\\\/italcleaneurope.it\\\/wp-content\\\/uploads\\\/2023\\\/05\\\/logo.png\",\"datePublished\":\"2023-05-15T07:00:48+00:00\",\"dateModified\":\"2023-10-27T20:02:11+00:00\",\"description\":\"Kontakt - Italclean Europe: Leader nella vendita di macchine per la pulizia industriale, offre soluzioni innovative e di alta qualit\u00e0 per soddisfare tutte le esigenze di igiene professionale. Scopri la nostra gamma di prodotti avanzati e affidabili per una pulizia efficiente e sicura.\",\"breadcrumb\":{\"@id\":\"https:\\\/\\\/italcleaneurope.it\\\/de\\\/kontakt\\\/#breadcrumb\"},\"inLanguage\":\"de\",\"potentialAction\":[{\"@type\":\"ReadAction\",\"target\":[\"https:\\\/\\\/italcleaneurope.it\\\/de\\\/kontakt\\\/\"]}]},{\"@type\":\"ImageObject\",\"inLanguage\":\"de\",\"@id\":\"https:\\\/\\\/italcleaneurope.it\\\/de\\\/kontakt\\\/#primaryimage\",\"url\":\"https:\\\/\\\/italcleaneurope.it\\\/wp-content\\\/uploads\\\/2023\\\/05\\\/logo.png\",\"contentUrl\":\"https:\\\/\\\/italcleaneurope.it\\\/wp-content\\\/uploads\\\/2023\\\/05\\\/logo.png\"},{\"@type\":\"BreadcrumbList\",\"@id\":\"https:\\\/\\\/italcleaneurope.it\\\/de\\\/kontakt\\\/#breadcrumb\",\"itemListElement\":[{\"@type\":\"ListItem\",\"position\":1,\"name\":\"Home\",\"item\":\"https:\\\/\\\/italcleaneurope.it\\\/de\\\/startseite\\\/\"},{\"@type\":\"ListItem\",\"position\":2,\"name\":\"Kontakt\"}]},{\"@type\":\"WebSite\",\"@id\":\"https:\\\/\\\/italcleaneurope.it\\\/de\\\/#website\",\"url\":\"https:\\\/\\\/italcleaneurope.it\\\/de\\\/\",\"name\":\"Italclean Europe | La pulizia dove serve e quando serve\",\"description\":\"Macchine per la pulizia industriale con oltre 300 tipi di applicazione per aereoporti, industrie, aziende agricole, enti pubblici.\",\"publisher\":{\"@id\":\"https:\\\/\\\/italcleaneurope.it\\\/de\\\/#organization\"},\"alternateName\":\"Italcleaneurope\",\"potentialAction\":[{\"@type\":\"SearchAction\",\"target\":{\"@type\":\"EntryPoint\",\"urlTemplate\":\"https:\\\/\\\/italcleaneurope.it\\\/de\\\/?s={search_term_string}\"},\"query-input\":{\"@type\":\"PropertyValueSpecification\",\"valueRequired\":true,\"valueName\":\"search_term_string\"}}],\"inLanguage\":\"de\"},{\"@type\":\"Organization\",\"@id\":\"https:\\\/\\\/italcleaneurope.it\\\/de\\\/#organization\",\"name\":\"Italclean europe srl\",\"alternateName\":\"Italclean\",\"url\":\"https:\\\/\\\/italcleaneurope.it\\\/de\\\/\",\"logo\":{\"@type\":\"ImageObject\",\"inLanguage\":\"de\",\"@id\":\"https:\\\/\\\/italcleaneurope.it\\\/de\\\/#\\\/schema\\\/logo\\\/image\\\/\",\"url\":\"https:\\\/\\\/italcleaneurope.it\\\/wp-content\\\/uploads\\\/2023\\\/05\\\/logo_italclean.jpg\",\"contentUrl\":\"https:\\\/\\\/italcleaneurope.it\\\/wp-content\\\/uploads\\\/2023\\\/05\\\/logo_italclean.jpg\",\"width\":1385,\"height\":586,\"caption\":\"Italclean europe srl\"},\"image\":{\"@id\":\"https:\\\/\\\/italcleaneurope.it\\\/de\\\/#\\\/schema\\\/logo\\\/image\\\/\"}}]}<\/script>\n<!-- \/ Yoast SEO plugin. -->","yoast_head_json":{"title":"Kontakt - Italclean Europe | La pulizia dove serve e quando serve","description":"Kontakt - Italclean Europe: Leader nella vendita di macchine per la pulizia industriale, offre soluzioni innovative e di alta qualit\u00e0 per soddisfare tutte le esigenze di igiene professionale. Scopri la nostra gamma di prodotti avanzati e affidabili per una pulizia efficiente e sicura.","robots":{"index":"index","follow":"follow","max-snippet":"max-snippet:-1","max-image-preview":"max-image-preview:large","max-video-preview":"max-video-preview:-1"},"canonical":"https:\/\/italcleaneurope.it\/de\/kontakt\/","og_locale":"de_DE","og_type":"article","og_title":"Kontakt - Italclean Europe | La pulizia dove serve e quando serve","og_description":"Kontakt - Italclean Europe: Leader nella vendita di macchine per la pulizia industriale, offre soluzioni innovative e di alta qualit\u00e0 per soddisfare tutte le esigenze di igiene professionale. Scopri la nostra gamma di prodotti avanzati e affidabili per una pulizia efficiente e sicura.","og_url":"https:\/\/italcleaneurope.it\/de\/kontakt\/","og_site_name":"Italclean Europe | La pulizia dove serve e quando serve","article_modified_time":"2023-10-27T20:02:11+00:00","og_image":[{"url":"https:\/\/italcleaneurope.it\/wp-content\/uploads\/2023\/05\/logo.png","type":"","width":"","height":""}],"twitter_card":"summary_large_image","twitter_misc":{"Gesch\u00e4tzte Lesezeit":"1\u00a0Minute"},"schema":{"@context":"https:\/\/schema.org","@graph":[{"@type":"WebPage","@id":"https:\/\/italcleaneurope.it\/de\/kontakt\/","url":"https:\/\/italcleaneurope.it\/de\/kontakt\/","name":"Kontakt - Italclean Europe | La pulizia dove serve e quando serve","isPartOf":{"@id":"https:\/\/italcleaneurope.it\/de\/#website"},"primaryImageOfPage":{"@id":"https:\/\/italcleaneurope.it\/de\/kontakt\/#primaryimage"},"image":{"@id":"https:\/\/italcleaneurope.it\/de\/kontakt\/#primaryimage"},"thumbnailUrl":"https:\/\/italcleaneurope.it\/wp-content\/uploads\/2023\/05\/logo.png","datePublished":"2023-05-15T07:00:48+00:00","dateModified":"2023-10-27T20:02:11+00:00","description":"Kontakt - Italclean Europe: Leader nella vendita di macchine per la pulizia industriale, offre soluzioni innovative e di alta qualit\u00e0 per soddisfare tutte le esigenze di igiene professionale. Scopri la nostra gamma di prodotti avanzati e affidabili per una pulizia efficiente e sicura.","breadcrumb":{"@id":"https:\/\/italcleaneurope.it\/de\/kontakt\/#breadcrumb"},"inLanguage":"de","potentialAction":[{"@type":"ReadAction","target":["https:\/\/italcleaneurope.it\/de\/kontakt\/"]}]},{"@type":"ImageObject","inLanguage":"de","@id":"https:\/\/italcleaneurope.it\/de\/kontakt\/#primaryimage","url":"https:\/\/italcleaneurope.it\/wp-content\/uploads\/2023\/05\/logo.png","contentUrl":"https:\/\/italcleaneurope.it\/wp-content\/uploads\/2023\/05\/logo.png"},{"@type":"BreadcrumbList","@id":"https:\/\/italcleaneurope.it\/de\/kontakt\/#breadcrumb","itemListElement":[{"@type":"ListItem","position":1,"name":"Home","item":"https:\/\/italcleaneurope.it\/de\/startseite\/"},{"@type":"ListItem","position":2,"name":"Kontakt"}]},{"@type":"WebSite","@id":"https:\/\/italcleaneurope.it\/de\/#website","url":"https:\/\/italcleaneurope.it\/de\/","name":"Italclean Europe | La pulizia dove serve e quando serve","description":"Macchine per la pulizia industriale con oltre 300 tipi di applicazione per aereoporti, industrie, aziende agricole, enti pubblici.","publisher":{"@id":"https:\/\/italcleaneurope.it\/de\/#organization"},"alternateName":"Italcleaneurope","potentialAction":[{"@type":"SearchAction","target":{"@type":"EntryPoint","urlTemplate":"https:\/\/italcleaneurope.it\/de\/?s={search_term_string}"},"query-input":{"@type":"PropertyValueSpecification","valueRequired":true,"valueName":"search_term_string"}}],"inLanguage":"de"},{"@type":"Organization","@id":"https:\/\/italcleaneurope.it\/de\/#organization","name":"Italclean europe srl","alternateName":"Italclean","url":"https:\/\/italcleaneurope.it\/de\/","logo":{"@type":"ImageObject","inLanguage":"de","@id":"https:\/\/italcleaneurope.it\/de\/#\/schema\/logo\/image\/","url":"https:\/\/italcleaneurope.it\/wp-content\/uploads\/2023\/05\/logo_italclean.jpg","contentUrl":"https:\/\/italcleaneurope.it\/wp-content\/uploads\/2023\/05\/logo_italclean.jpg","width":1385,"height":586,"caption":"Italclean europe srl"},"image":{"@id":"https:\/\/italcleaneurope.it\/de\/#\/schema\/logo\/image\/"}}]}},"_links":{"self":[{"href":"https:\/\/italcleaneurope.it\/de\/wp-json\/wp\/v2\/pages\/2825","targetHints":{"allow":["GET"]}}],"collection":[{"href":"https:\/\/italcleaneurope.it\/de\/wp-json\/wp\/v2\/pages"}],"about":[{"href":"https:\/\/italcleaneurope.it\/de\/wp-json\/wp\/v2\/types\/page"}],"author":[{"embeddable":true,"href":"https:\/\/italcleaneurope.it\/de\/wp-json\/wp\/v2\/users\/1"}],"replies":[{"embeddable":true,"href":"https:\/\/italcleaneurope.it\/de\/wp-json\/wp\/v2\/comments?post=2825"}],"version-history":[{"count":0,"href":"https:\/\/italcleaneurope.it\/de\/wp-json\/wp\/v2\/pages\/2825\/revisions"}],"wp:attachment":[{"href":"https:\/\/italcleaneurope.it\/de\/wp-json\/wp\/v2\/media?parent=2825"}],"curies":[{"name":"wp","href":"https:\/\/api.w.org\/{rel}","templated":true}]}}