{"id":2869,"date":"2023-07-06T08:34:20","date_gmt":"2023-07-06T06:34:20","guid":{"rendered":"https:\/\/italcleaneurope.it\/kombiniertes-angebot\/"},"modified":"2023-10-27T22:01:15","modified_gmt":"2023-10-27T20:01:15","slug":"kombiniertes-angebot","status":"publish","type":"page","link":"https:\/\/italcleaneurope.it\/de\/kombiniertes-angebot\/","title":{"rendered":"Kombiniertes Angebot"},"content":{"rendered":"\t\t<div data-elementor-type=\"wp-page\" data-elementor-id=\"2869\" class=\"elementor elementor-2869 elementor-665\" data-elementor-post-type=\"page\">\n\t\t\t\t\t\t<section class=\"elementor-section elementor-top-section elementor-element elementor-element-1f445a1 elementor-section-boxed elementor-section-height-default elementor-section-height-default\" data-id=\"1f445a1\" data-element_type=\"section\" data-e-type=\"section\" data-settings=\"{&quot;background_background&quot;:&quot;classic&quot;}\">\n\t\t\t\t\t\t<div class=\"elementor-container elementor-column-gap-default\">\n\t\t\t\t\t<div class=\"elementor-column elementor-col-100 elementor-top-column elementor-element elementor-element-b651121\" data-id=\"b651121\" data-element_type=\"column\" data-e-type=\"column\">\n\t\t\t<div class=\"elementor-widget-wrap elementor-element-populated\">\n\t\t\t\t\t\t<div class=\"elementor-element elementor-element-7aacc86 elementor-widget elementor-widget-heading\" data-id=\"7aacc86\" data-element_type=\"widget\" data-e-type=\"widget\" data-widget_type=\"heading.default\">\n\t\t\t\t<div class=\"elementor-widget-container\">\n\t\t\t\t\t<h1 class=\"elementor-heading-title elementor-size-default\">Angebotsanfrage Combineve<\/h1>\t\t\t\t<\/div>\n\t\t\t\t<\/div>\n\t\t\t\t\t<\/div>\n\t\t<\/div>\n\t\t\t\t\t<\/div>\n\t\t<\/section>\n\t\t\t\t<section class=\"elementor-section elementor-top-section elementor-element elementor-element-8fdea46 elementor-section-boxed elementor-section-height-default elementor-section-height-default\" data-id=\"8fdea46\" data-element_type=\"section\" data-e-type=\"section\">\n\t\t\t\t\t\t<div class=\"elementor-container elementor-column-gap-default\">\n\t\t\t\t\t<div class=\"elementor-column elementor-col-100 elementor-top-column elementor-element elementor-element-ba9383c\" data-id=\"ba9383c\" data-element_type=\"column\" data-e-type=\"column\">\n\t\t\t<div class=\"elementor-widget-wrap elementor-element-populated\">\n\t\t\t\t\t\t<div class=\"elementor-element elementor-element-2408a60 elementor-widget elementor-widget-wpforms\" data-id=\"2408a60\" data-element_type=\"widget\" data-e-type=\"widget\" data-widget_type=\"wpforms.default\">\n\t\t\t\t<div class=\"elementor-widget-container\">\n\t\t\t\t\t<div class=\"wpforms-container wpforms-container-full wpforms-render-modern\" id=\"wpforms-412\"><form id=\"wpforms-form-412\" class=\"wpforms-validate wpforms-form wpforms-ajax-form\" data-formid=\"412\" method=\"post\" enctype=\"multipart\/form-data\" action=\"\/de\/wp-json\/wp\/v2\/pages\/2869\" data-token=\"c56a7973aba10674d61d7e41ee254d69\" data-token-time=\"1777319164\"><noscript class=\"wpforms-error-noscript\">Bitte aktiviere JavaScript in deinem Browser, um dieses Formular fertigzustellen.<\/noscript><div id=\"wpforms-error-noscript\" style=\"display: none;\">Bitte aktiviere JavaScript in deinem Browser, um dieses Formular fertigzustellen.<\/div><div class=\"wpforms-field-container\"><div id=\"wpforms-412-field_12-container\" class=\"wpforms-field wpforms-field-text\" data-field-id=\"12\"><label class=\"wpforms-field-label\" for=\"wpforms-412-field_12\">Was wollen Sie reinigen?<\/label><input type=\"text\" id=\"wpforms-412-field_12\" class=\"wpforms-field-medium\" name=\"wpforms[fields][12]\" aria-errormessage=\"wpforms-412-field_12-error\" ><\/div><div id=\"wpforms-412-field_13-container\" class=\"wpforms-field wpforms-field-text\" data-field-id=\"13\"><label class=\"wpforms-field-label\" for=\"wpforms-412-field_13\">An welchem Fahrzeug m\u00f6chten Sie es anbringen?<\/label><input type=\"text\" id=\"wpforms-412-field_13\" class=\"wpforms-field-medium\" name=\"wpforms[fields][13]\" aria-errormessage=\"wpforms-412-field_13-error\" aria-describedby=\"wpforms-412-field_13-description\" ><div id=\"wpforms-412-field_13-description\" class=\"wpforms-field-description\">Schreiben Sie den Fahrzeugtyp auf, an dem Sie die Maschine befestigen wollen, und f\u00fcgen Sie das Modell oder Referenzen ein, die die Abmessungen des Fahrzeugs angeben, damit Sie genauere Ratschl\u00e4ge geben k\u00f6nnen. \n<\/div><\/div><div id=\"wpforms-412-field_11-container\" class=\"wpforms-field wpforms-field-checkbox wpforms-list-2-columns\" data-field-id=\"11\"><fieldset><legend class=\"wpforms-field-label\">Antrieb <\/legend><ul id=\"wpforms-412-field_11\" class=\"wpforms-icon-choices wpforms-icon-choices-default wpforms-icon-choices-large\" style=\"--wpforms-icon-choices-color: #066aab;\"><li class=\"choice-1 depth-1 wpforms-icon-choices-item\"><label class=\"wpforms-field-label-inline\" for=\"wpforms-412-field_11_1\">\n\t\t\t\t<span class=\"wpforms-icon-choices-icon\">\n\t\t\t\t\t<svg xmlns=\"http:\/\/www.w3.org\/2000\/svg\" width=\"80\" height=\"64\" viewBox=\"0 0 576 512\"><!--! Font Awesome Free 6.4.0 by @fontawesome - https:\/\/fontawesome.com License - https:\/\/fontawesome.com\/license\/free (Icons: CC BY 4.0, Fonts: SIL OFL 1.1, Code: MIT License) Copyright 2023 Fonticons, Inc. --><path d=\"M320 96a32 32 0 1 1 -64 0 32 32 0 1 1 64 0zm21.1 80C367 158.8 384 129.4 384 96c0-53-43-96-96-96s-96 43-96 96c0 33.4 17 62.8 42.9 80H224c-17.7 0-32 14.3-32 32s14.3 32 32 32h32V448H208c-53 0-96-43-96-96v-6.1l7 7c9.4 9.4 24.6 9.4 33.9 0s9.4-24.6 0-33.9L97 263c-9.4-9.4-24.6-9.4-33.9 0L7 319c-9.4 9.4-9.4 24.6 0 33.9s24.6 9.4 33.9 0l7-7V352c0 88.4 71.6 160 160 160h80 80c88.4 0 160-71.6 160-160v-6.1l7 7c9.4 9.4 24.6 9.4 33.9 0s9.4-24.6 0-33.9l-56-56c-9.4-9.4-24.6-9.4-33.9 0l-56 56c-9.4 9.4-9.4 24.6 0 33.9s24.6 9.4 33.9 0l7-7V352c0 53-43 96-96 96H320V240h32c17.7 0 32-14.3 32-32s-14.3-32-32-32H341.1z\"\/><\/svg>\n\t\t\t\t\t<span class=\"wpforms-icon-choices-icon-bg\"><\/span>\n\t\t\t\t<\/span>\n\t\t\t\t<input type=\"checkbox\" id=\"wpforms-412-field_11_1\" class=\"wpforms-screen-reader-element\" name=\"wpforms[fields][11][]\" value=\"Mechaniker\" aria-errormessage=\"wpforms-412-field_11_1-error\"  >\n\t\t\t\t<span class=\"wpforms-icon-choices-label\">Mechaniker<\/span>\n\t\t\t<\/label><\/li><li class=\"choice-2 depth-1 wpforms-icon-choices-item\"><label class=\"wpforms-field-label-inline\" for=\"wpforms-412-field_11_2\">\n\t\t\t\t<span class=\"wpforms-icon-choices-icon\">\n\t\t\t\t\t<svg xmlns=\"http:\/\/www.w3.org\/2000\/svg\" width=\"80\" height=\"64\" viewBox=\"0 0 576 512\"><!--! Font Awesome Free 6.4.0 by @fontawesome - https:\/\/fontawesome.com License - https:\/\/fontawesome.com\/license\/free (Icons: CC BY 4.0, Fonts: SIL OFL 1.1, Code: MIT License) Copyright 2023 Fonticons, Inc. --><path d=\"M288 352c17.7 0 32-14.3 32-32V109.3l25.4 25.4c12.5 12.5 32.8 12.5 45.3 0s12.5-32.8 0-45.3l-80-80c-12.5-12.5-32.8-12.5-45.3 0l-80 80c-12.5 12.5-12.5 32.8 0 45.3s32.8 12.5 45.3 0L256 109.3V320c0 17.7 14.3 32 32 32zm-18.5 69.9C247 437.4 219.5 448 192 448c-26.9 0-55.3-10.8-77.4-26.1l0 0c-11.9-8.5-28.1-7.8-39.2 1.7c-14.4 11.9-32.5 21-50.6 25.2c-17.2 4-27.9 21.2-23.9 38.4s21.2 27.9 38.4 23.9c24.5-5.7 44.9-16.5 58.2-25C126.5 501.7 159 512 192 512c31.9 0 60.6-9.9 80.4-18.9c5.8-2.7 11.1-5.3 15.6-7.7c4.5 2.4 9.7 5.1 15.6 7.7c19.8 9 48.5 18.9 80.4 18.9c33 0 65.5-10.3 94.5-25.8c13.4 8.4 33.7 19.3 58.2 25c17.2 4 34.4-6.7 38.4-23.9s-6.7-34.4-23.9-38.4c-18.1-4.2-36.2-13.3-50.6-25.2c-11.1-9.4-27.3-10.1-39.2-1.7l0 0C439.4 437.2 410.9 448 384 448c-27.5 0-55-10.6-77.5-26.1c-11.1-7.9-25.9-7.9-37 0zM192 192H48c-26.5 0-48 21.5-48 48V425c5.3-3.1 11.2-5.4 17.5-6.9c13.1-3.1 26.7-9.8 37.3-18.6c22.2-18.7 54.3-20.1 78.1-3.4c18 12.4 40.1 20.3 59.1 20.3V192zm384 48c0-26.5-21.5-48-48-48H384V416.5h0c19 0 41.2-7.9 59.2-20.3c23.8-16.7 55.8-15.3 78.1 3.4c10.6 8.8 24.2 15.6 37.3 18.6c6.3 1.5 12.1 3.8 17.5 6.9V240z\"\/><\/svg>\n\t\t\t\t\t<span class=\"wpforms-icon-choices-icon-bg\"><\/span>\n\t\t\t\t<\/span>\n\t\t\t\t<input type=\"checkbox\" id=\"wpforms-412-field_11_2\" class=\"wpforms-screen-reader-element\" name=\"wpforms[fields][11][]\" value=\"Klempner\" aria-errormessage=\"wpforms-412-field_11_2-error\"  >\n\t\t\t\t<span class=\"wpforms-icon-choices-label\">Klempner<\/span>\n\t\t\t<\/label><\/li><\/ul><\/fieldset><\/div><div id=\"wpforms-412-field_5-container\" class=\"wpforms-field wpforms-field-checkbox\" data-field-id=\"5\"><fieldset><legend class=\"wpforms-field-label\">Messung der M\u00e4hdrescherbreite ausw\u00e4hlen <\/legend><ul id=\"wpforms-412-field_5\"><li class=\"choice-2 depth-1\"><input type=\"checkbox\" id=\"wpforms-412-field_5_2\" name=\"wpforms[fields][5][]\" value=\"275 cm\" aria-errormessage=\"wpforms-412-field_5_2-error\" aria-describedby=\"wpforms-412-field_5-description\"  ><label class=\"wpforms-field-label-inline\" for=\"wpforms-412-field_5_2\">275 cm<\/label><\/li><li class=\"choice-3 depth-1\"><input type=\"checkbox\" id=\"wpforms-412-field_5_3\" name=\"wpforms[fields][5][]\" value=\"325 cm\" aria-errormessage=\"wpforms-412-field_5_3-error\" aria-describedby=\"wpforms-412-field_5-description\"  ><label class=\"wpforms-field-label-inline\" for=\"wpforms-412-field_5_3\">325 cm<\/label><\/li><li class=\"choice-4 depth-1\"><input type=\"checkbox\" id=\"wpforms-412-field_5_4\" name=\"wpforms[fields][5][]\" value=\"375 cm\" aria-errormessage=\"wpforms-412-field_5_4-error\" aria-describedby=\"wpforms-412-field_5-description\"  ><label class=\"wpforms-field-label-inline\" for=\"wpforms-412-field_5_4\">375 cm<\/label><\/li><\/ul><div id=\"wpforms-412-field_5-description\" class=\"wpforms-field-description\">Die H\u00f6he der Maschine ist immer 110cm und die Klinge ist 85cm hoch <\/div><\/fieldset><\/div><div id=\"wpforms-412-field_0-container\" class=\"wpforms-field wpforms-field-name\" data-field-id=\"0\"><fieldset><legend class=\"wpforms-field-label\">Name<\/legend><div class=\"wpforms-field-row wpforms-field-medium\"><div class=\"wpforms-field-row-block wpforms-first wpforms-one-half\"><input type=\"text\" id=\"wpforms-412-field_0\" class=\"wpforms-field-name-first\" name=\"wpforms[fields][0][first]\" aria-errormessage=\"wpforms-412-field_0-error\" ><label for=\"wpforms-412-field_0\" class=\"wpforms-field-sublabel after\">Vorname<\/label><\/div><div class=\"wpforms-field-row-block wpforms-one-half\"><input type=\"text\" id=\"wpforms-412-field_0-last\" class=\"wpforms-field-name-last\" name=\"wpforms[fields][0][last]\" aria-errormessage=\"wpforms-412-field_0-last-error\" ><label for=\"wpforms-412-field_0-last\" class=\"wpforms-field-sublabel after\">Nachname<\/label><\/div><\/div><\/fieldset><\/div><div id=\"wpforms-412-field_6-container\" class=\"wpforms-field wpforms-field-text\" data-field-id=\"6\"><label class=\"wpforms-field-label\" for=\"wpforms-412-field_6\">Name des Unternehmens <span class=\"wpforms-required-label\" aria-hidden=\"true\">*<\/span><\/label><input type=\"text\" id=\"wpforms-412-field_6\" class=\"wpforms-field-medium wpforms-field-required\" name=\"wpforms[fields][6]\" aria-errormessage=\"wpforms-412-field_6-error\" required><\/div><div id=\"wpforms-412-field_9-container\" class=\"wpforms-field wpforms-field-text\" data-field-id=\"9\"><label class=\"wpforms-field-label\" for=\"wpforms-412-field_9\">Hauptsitz des Unternehmens<\/label><input type=\"text\" id=\"wpforms-412-field_9\" class=\"wpforms-field-medium\" name=\"wpforms[fields][9]\" aria-errormessage=\"wpforms-412-field_9-error\" aria-describedby=\"wpforms-412-field_9-description\" ><div id=\"wpforms-412-field_9-description\" class=\"wpforms-field-description\">Stadt und vollst\u00e4ndige Adresse angeben <\/div><\/div><div id=\"wpforms-412-field_10-container\" class=\"wpforms-field wpforms-field-number\" data-field-id=\"10\"><label class=\"wpforms-field-label\" for=\"wpforms-412-field_10\">Rufnummer <span class=\"wpforms-required-label\" aria-hidden=\"true\">*<\/span><\/label><input type=\"number\" id=\"wpforms-412-field_10\" class=\"wpforms-field-medium wpforms-field-required\" name=\"wpforms[fields][10]\" step=\"any\" aria-errormessage=\"wpforms-412-field_10-error\" required><\/div><div id=\"wpforms-412-field_1-container\" class=\"wpforms-field wpforms-field-email\" data-field-id=\"1\"><label class=\"wpforms-field-label\" for=\"wpforms-412-field_1\">E-Mail <span class=\"wpforms-required-label\" aria-hidden=\"true\">*<\/span><\/label><input type=\"email\" id=\"wpforms-412-field_1\" class=\"wpforms-field-medium wpforms-field-required\" name=\"wpforms[fields][1]\" spellcheck=\"false\" aria-errormessage=\"wpforms-412-field_1-error\" required><\/div><div id=\"wpforms-412-field_2-container\" class=\"wpforms-field wpforms-field-textarea\" data-field-id=\"2\"><label class=\"wpforms-field-label\" for=\"wpforms-412-field_2\">Kommentar oder Nachricht<\/label><textarea id=\"wpforms-412-field_2\" class=\"wpforms-field-medium\" name=\"wpforms[fields][2]\" aria-errormessage=\"wpforms-412-field_2-error\" ><\/textarea><\/div><div id=\"wpforms-412-field_14-container\" class=\"wpforms-field wpforms-field-checkbox\" data-field-id=\"14\"><fieldset><legend class=\"wpforms-field-label\">Datenschutz<\/legend><ul id=\"wpforms-412-field_14\"><li class=\"choice-1 depth-1\"><input type=\"checkbox\" id=\"wpforms-412-field_14_1\" name=\"wpforms[fields][14][]\" value=\"Ich bin damit einverstanden, dass meine pers\u00f6nlichen Daten gem\u00e4\u00df den geltenden Rechtsvorschriften verarbeitet werden. &lt;a href=&quot;https:\/\/italcleaneurope.it\/de\/datenschutz\/&quot; target=&quot;blank&quot;&gt;Datenschutz&lt;\/a&gt;\" aria-errormessage=\"wpforms-412-field_14_1-error\"  ><label class=\"wpforms-field-label-inline\" for=\"wpforms-412-field_14_1\">Ich bin damit einverstanden, dass meine pers\u00f6nlichen Daten gem\u00e4\u00df den geltenden Rechtsvorschriften verarbeitet werden. <a href=\"https:\/\/italcleaneurope.it\/de\/datenschutz\/\" target=\"blank\">Datenschutz<\/a><\/label><\/li><\/ul><\/fieldset><\/div><\/div><!-- .wpforms-field-container --><div class=\"wpforms-recaptcha-container wpforms-is-recaptcha wpforms-is-recaptcha-type-v3\" ><input type=\"hidden\" name=\"wpforms[recaptcha]\" value=\"\"><\/div><div class=\"wpforms-submit-container\" ><input type=\"hidden\" name=\"wpforms[id]\" value=\"412\"><input type=\"hidden\" name=\"page_title\" value=\"\"><input type=\"hidden\" name=\"page_url\" value=\"https:\/\/italcleaneurope.it\/de\/wp-json\/wp\/v2\/pages\/2869\"><input type=\"hidden\" name=\"url_referer\" value=\"\"><button type=\"submit\" name=\"wpforms[submit]\" id=\"wpforms-submit-412\" class=\"wpforms-submit\" data-alt-text=\"Ich schicke...\" data-submit-text=\"Senden Sie\" aria-live=\"assertive\" value=\"wpforms-submit\">Senden Sie<\/button><img decoding=\"async\" src=\"https:\/\/italcleaneurope.it\/wp-content\/plugins\/wpforms-lite\/assets\/images\/submit-spin.svg\" class=\"wpforms-submit-spinner\" style=\"display: none;\" width=\"26\" height=\"26\" alt=\"Wird geladen\"><\/div><\/form><\/div>  <!-- .wpforms-container -->\t\t\t\t<\/div>\n\t\t\t\t<\/div>\n\t\t\t\t\t<\/div>\n\t\t<\/div>\n\t\t\t\t\t<\/div>\n\t\t<\/section>\n\t\t\t\t<\/div>\n\t\t","protected":false},"excerpt":{"rendered":"<p>Angebotsanfrage Combineve Abilita JavaScript nel browser per completare questo modulo.Abilita JavaScript nel browser per completare questo modulo.Cosa vuoi pulire ?A quale mezzo vuoi attaccarla ?Scrivere il tipo di mezzo al quale si vuole attaccare il macchinario, inserendo il modello o dei riferimenti che facciano capire le dimensioni del veicolo, cos\u00ec da poter fornire una consulenza [&hellip;]<\/p>\n","protected":false},"author":1,"featured_media":0,"parent":0,"menu_order":0,"comment_status":"closed","ping_status":"closed","template":"elementor_header_footer","meta":{"_acf_changed":false,"footnotes":""},"class_list":["post-2869","page","type-page","status-publish","hentry"],"acf":[],"yoast_head":"<!-- This site is optimized with the Yoast SEO plugin v27.4 - https:\/\/yoast.com\/product\/yoast-seo-wordpress\/ -->\n<title>Kombiniertes Angebot - Italclean Europe | La pulizia dove serve e quando serve<\/title>\n<meta name=\"description\" content=\"Kombiniertes Angebot - Italclean Europe: Leader nella vendita di macchine per la pulizia industriale, offre soluzioni innovative e di alta qualit\u00e0 per soddisfare tutte le esigenze di igiene professionale. Scopri la nostra gamma di prodotti avanzati e affidabili per una pulizia efficiente e sicura.\" \/>\n<meta name=\"robots\" content=\"index, follow, max-snippet:-1, max-image-preview:large, max-video-preview:-1\" \/>\n<link rel=\"canonical\" href=\"https:\/\/italcleaneurope.it\/de\/kombiniertes-angebot\/\" \/>\n<meta property=\"og:locale\" content=\"de_DE\" \/>\n<meta property=\"og:type\" content=\"article\" \/>\n<meta property=\"og:title\" content=\"Kombiniertes Angebot - Italclean Europe | La pulizia dove serve e quando serve\" \/>\n<meta property=\"og:description\" content=\"Kombiniertes Angebot - Italclean Europe: Leader nella vendita di macchine per la pulizia industriale, offre soluzioni innovative e di alta qualit\u00e0 per soddisfare tutte le esigenze di igiene professionale. Scopri la nostra gamma di prodotti avanzati e affidabili per una pulizia efficiente e sicura.\" \/>\n<meta property=\"og:url\" content=\"https:\/\/italcleaneurope.it\/de\/kombiniertes-angebot\/\" \/>\n<meta property=\"og:site_name\" content=\"Italclean Europe | La pulizia dove serve e quando serve\" \/>\n<meta property=\"article:modified_time\" content=\"2023-10-27T20:01:15+00:00\" \/>\n<meta property=\"og:image\" content=\"https:\/\/italcleaneurope.it\/wp-content\/plugins\/wpforms-lite\/assets\/images\/submit-spin.svg\" \/>\n<meta name=\"twitter:card\" content=\"summary_large_image\" \/>\n<meta name=\"twitter:label1\" content=\"Gesch\u00e4tzte Lesezeit\" \/>\n\t<meta name=\"twitter:data1\" content=\"1\u00a0Minute\" \/>\n<script type=\"application\/ld+json\" class=\"yoast-schema-graph\">{\"@context\":\"https:\\\/\\\/schema.org\",\"@graph\":[{\"@type\":\"WebPage\",\"@id\":\"https:\\\/\\\/italcleaneurope.it\\\/de\\\/kombiniertes-angebot\\\/\",\"url\":\"https:\\\/\\\/italcleaneurope.it\\\/de\\\/kombiniertes-angebot\\\/\",\"name\":\"Kombiniertes Angebot - Italclean Europe | La pulizia dove serve e quando serve\",\"isPartOf\":{\"@id\":\"https:\\\/\\\/italcleaneurope.it\\\/de\\\/#website\"},\"primaryImageOfPage\":{\"@id\":\"https:\\\/\\\/italcleaneurope.it\\\/de\\\/kombiniertes-angebot\\\/#primaryimage\"},\"image\":{\"@id\":\"https:\\\/\\\/italcleaneurope.it\\\/de\\\/kombiniertes-angebot\\\/#primaryimage\"},\"thumbnailUrl\":\"https:\\\/\\\/italcleaneurope.it\\\/wp-content\\\/plugins\\\/wpforms-lite\\\/assets\\\/images\\\/submit-spin.svg\",\"datePublished\":\"2023-07-06T06:34:20+00:00\",\"dateModified\":\"2023-10-27T20:01:15+00:00\",\"description\":\"Kombiniertes Angebot - Italclean Europe: Leader nella vendita di macchine per la pulizia industriale, offre soluzioni innovative e di alta qualit\u00e0 per soddisfare tutte le esigenze di igiene professionale. Scopri la nostra gamma di prodotti avanzati e affidabili per una pulizia efficiente e sicura.\",\"breadcrumb\":{\"@id\":\"https:\\\/\\\/italcleaneurope.it\\\/de\\\/kombiniertes-angebot\\\/#breadcrumb\"},\"inLanguage\":\"de\",\"potentialAction\":[{\"@type\":\"ReadAction\",\"target\":[\"https:\\\/\\\/italcleaneurope.it\\\/de\\\/kombiniertes-angebot\\\/\"]}]},{\"@type\":\"ImageObject\",\"inLanguage\":\"de\",\"@id\":\"https:\\\/\\\/italcleaneurope.it\\\/de\\\/kombiniertes-angebot\\\/#primaryimage\",\"url\":\"https:\\\/\\\/italcleaneurope.it\\\/wp-content\\\/plugins\\\/wpforms-lite\\\/assets\\\/images\\\/submit-spin.svg\",\"contentUrl\":\"https:\\\/\\\/italcleaneurope.it\\\/wp-content\\\/plugins\\\/wpforms-lite\\\/assets\\\/images\\\/submit-spin.svg\"},{\"@type\":\"BreadcrumbList\",\"@id\":\"https:\\\/\\\/italcleaneurope.it\\\/de\\\/kombiniertes-angebot\\\/#breadcrumb\",\"itemListElement\":[{\"@type\":\"ListItem\",\"position\":1,\"name\":\"Home\",\"item\":\"https:\\\/\\\/italcleaneurope.it\\\/de\\\/startseite\\\/\"},{\"@type\":\"ListItem\",\"position\":2,\"name\":\"Kombiniertes Angebot\"}]},{\"@type\":\"WebSite\",\"@id\":\"https:\\\/\\\/italcleaneurope.it\\\/de\\\/#website\",\"url\":\"https:\\\/\\\/italcleaneurope.it\\\/de\\\/\",\"name\":\"Italclean Europe | La pulizia dove serve e quando serve\",\"description\":\"Macchine per la pulizia industriale con oltre 300 tipi di applicazione per aereoporti, industrie, aziende agricole, enti pubblici.\",\"publisher\":{\"@id\":\"https:\\\/\\\/italcleaneurope.it\\\/de\\\/#organization\"},\"alternateName\":\"Italcleaneurope\",\"potentialAction\":[{\"@type\":\"SearchAction\",\"target\":{\"@type\":\"EntryPoint\",\"urlTemplate\":\"https:\\\/\\\/italcleaneurope.it\\\/de\\\/?s={search_term_string}\"},\"query-input\":{\"@type\":\"PropertyValueSpecification\",\"valueRequired\":true,\"valueName\":\"search_term_string\"}}],\"inLanguage\":\"de\"},{\"@type\":\"Organization\",\"@id\":\"https:\\\/\\\/italcleaneurope.it\\\/de\\\/#organization\",\"name\":\"Italclean europe srl\",\"alternateName\":\"Italclean\",\"url\":\"https:\\\/\\\/italcleaneurope.it\\\/de\\\/\",\"logo\":{\"@type\":\"ImageObject\",\"inLanguage\":\"de\",\"@id\":\"https:\\\/\\\/italcleaneurope.it\\\/de\\\/#\\\/schema\\\/logo\\\/image\\\/\",\"url\":\"https:\\\/\\\/italcleaneurope.it\\\/wp-content\\\/uploads\\\/2023\\\/05\\\/logo_italclean.jpg\",\"contentUrl\":\"https:\\\/\\\/italcleaneurope.it\\\/wp-content\\\/uploads\\\/2023\\\/05\\\/logo_italclean.jpg\",\"width\":1385,\"height\":586,\"caption\":\"Italclean europe srl\"},\"image\":{\"@id\":\"https:\\\/\\\/italcleaneurope.it\\\/de\\\/#\\\/schema\\\/logo\\\/image\\\/\"}}]}<\/script>\n<!-- \/ Yoast SEO plugin. -->","yoast_head_json":{"title":"Kombiniertes Angebot - Italclean Europe | La pulizia dove serve e quando serve","description":"Kombiniertes Angebot - Italclean Europe: Leader nella vendita di macchine per la pulizia industriale, offre soluzioni innovative e di alta qualit\u00e0 per soddisfare tutte le esigenze di igiene professionale. Scopri la nostra gamma di prodotti avanzati e affidabili per una pulizia efficiente e sicura.","robots":{"index":"index","follow":"follow","max-snippet":"max-snippet:-1","max-image-preview":"max-image-preview:large","max-video-preview":"max-video-preview:-1"},"canonical":"https:\/\/italcleaneurope.it\/de\/kombiniertes-angebot\/","og_locale":"de_DE","og_type":"article","og_title":"Kombiniertes Angebot - Italclean Europe | La pulizia dove serve e quando serve","og_description":"Kombiniertes Angebot - Italclean Europe: Leader nella vendita di macchine per la pulizia industriale, offre soluzioni innovative e di alta qualit\u00e0 per soddisfare tutte le esigenze di igiene professionale. Scopri la nostra gamma di prodotti avanzati e affidabili per una pulizia efficiente e sicura.","og_url":"https:\/\/italcleaneurope.it\/de\/kombiniertes-angebot\/","og_site_name":"Italclean Europe | La pulizia dove serve e quando serve","article_modified_time":"2023-10-27T20:01:15+00:00","og_image":[{"url":"https:\/\/italcleaneurope.it\/wp-content\/plugins\/wpforms-lite\/assets\/images\/submit-spin.svg","type":"","width":"","height":""}],"twitter_card":"summary_large_image","twitter_misc":{"Gesch\u00e4tzte Lesezeit":"1\u00a0Minute"},"schema":{"@context":"https:\/\/schema.org","@graph":[{"@type":"WebPage","@id":"https:\/\/italcleaneurope.it\/de\/kombiniertes-angebot\/","url":"https:\/\/italcleaneurope.it\/de\/kombiniertes-angebot\/","name":"Kombiniertes Angebot - Italclean Europe | La pulizia dove serve e quando serve","isPartOf":{"@id":"https:\/\/italcleaneurope.it\/de\/#website"},"primaryImageOfPage":{"@id":"https:\/\/italcleaneurope.it\/de\/kombiniertes-angebot\/#primaryimage"},"image":{"@id":"https:\/\/italcleaneurope.it\/de\/kombiniertes-angebot\/#primaryimage"},"thumbnailUrl":"https:\/\/italcleaneurope.it\/wp-content\/plugins\/wpforms-lite\/assets\/images\/submit-spin.svg","datePublished":"2023-07-06T06:34:20+00:00","dateModified":"2023-10-27T20:01:15+00:00","description":"Kombiniertes Angebot - Italclean Europe: Leader nella vendita di macchine per la pulizia industriale, offre soluzioni innovative e di alta qualit\u00e0 per soddisfare tutte le esigenze di igiene professionale. Scopri la nostra gamma di prodotti avanzati e affidabili per una pulizia efficiente e sicura.","breadcrumb":{"@id":"https:\/\/italcleaneurope.it\/de\/kombiniertes-angebot\/#breadcrumb"},"inLanguage":"de","potentialAction":[{"@type":"ReadAction","target":["https:\/\/italcleaneurope.it\/de\/kombiniertes-angebot\/"]}]},{"@type":"ImageObject","inLanguage":"de","@id":"https:\/\/italcleaneurope.it\/de\/kombiniertes-angebot\/#primaryimage","url":"https:\/\/italcleaneurope.it\/wp-content\/plugins\/wpforms-lite\/assets\/images\/submit-spin.svg","contentUrl":"https:\/\/italcleaneurope.it\/wp-content\/plugins\/wpforms-lite\/assets\/images\/submit-spin.svg"},{"@type":"BreadcrumbList","@id":"https:\/\/italcleaneurope.it\/de\/kombiniertes-angebot\/#breadcrumb","itemListElement":[{"@type":"ListItem","position":1,"name":"Home","item":"https:\/\/italcleaneurope.it\/de\/startseite\/"},{"@type":"ListItem","position":2,"name":"Kombiniertes Angebot"}]},{"@type":"WebSite","@id":"https:\/\/italcleaneurope.it\/de\/#website","url":"https:\/\/italcleaneurope.it\/de\/","name":"Italclean Europe | La pulizia dove serve e quando serve","description":"Macchine per la pulizia industriale con oltre 300 tipi di applicazione per aereoporti, industrie, aziende agricole, enti pubblici.","publisher":{"@id":"https:\/\/italcleaneurope.it\/de\/#organization"},"alternateName":"Italcleaneurope","potentialAction":[{"@type":"SearchAction","target":{"@type":"EntryPoint","urlTemplate":"https:\/\/italcleaneurope.it\/de\/?s={search_term_string}"},"query-input":{"@type":"PropertyValueSpecification","valueRequired":true,"valueName":"search_term_string"}}],"inLanguage":"de"},{"@type":"Organization","@id":"https:\/\/italcleaneurope.it\/de\/#organization","name":"Italclean europe srl","alternateName":"Italclean","url":"https:\/\/italcleaneurope.it\/de\/","logo":{"@type":"ImageObject","inLanguage":"de","@id":"https:\/\/italcleaneurope.it\/de\/#\/schema\/logo\/image\/","url":"https:\/\/italcleaneurope.it\/wp-content\/uploads\/2023\/05\/logo_italclean.jpg","contentUrl":"https:\/\/italcleaneurope.it\/wp-content\/uploads\/2023\/05\/logo_italclean.jpg","width":1385,"height":586,"caption":"Italclean europe srl"},"image":{"@id":"https:\/\/italcleaneurope.it\/de\/#\/schema\/logo\/image\/"}}]}},"_links":{"self":[{"href":"https:\/\/italcleaneurope.it\/de\/wp-json\/wp\/v2\/pages\/2869","targetHints":{"allow":["GET"]}}],"collection":[{"href":"https:\/\/italcleaneurope.it\/de\/wp-json\/wp\/v2\/pages"}],"about":[{"href":"https:\/\/italcleaneurope.it\/de\/wp-json\/wp\/v2\/types\/page"}],"author":[{"embeddable":true,"href":"https:\/\/italcleaneurope.it\/de\/wp-json\/wp\/v2\/users\/1"}],"replies":[{"embeddable":true,"href":"https:\/\/italcleaneurope.it\/de\/wp-json\/wp\/v2\/comments?post=2869"}],"version-history":[{"count":0,"href":"https:\/\/italcleaneurope.it\/de\/wp-json\/wp\/v2\/pages\/2869\/revisions"}],"wp:attachment":[{"href":"https:\/\/italcleaneurope.it\/de\/wp-json\/wp\/v2\/media?parent=2869"}],"curies":[{"name":"wp","href":"https:\/\/api.w.org\/{rel}","templated":true}]}}