{"id":2816,"date":"2023-04-26T15:05:14","date_gmt":"2023-04-26T13:05:14","guid":{"rendered":"https:\/\/italcleaneurope.it\/privacy\/"},"modified":"2023-10-27T22:09:54","modified_gmt":"2023-10-27T20:09:54","slug":"privacy","status":"publish","type":"page","link":"https:\/\/italcleaneurope.it\/en\/privacy\/","title":{"rendered":"Privacy"},"content":{"rendered":"\t\t<div data-elementor-type=\"wp-page\" data-elementor-id=\"2816\" class=\"elementor elementor-2816 elementor-3\" data-elementor-post-type=\"page\">\n\t\t\t\t\t\t<section class=\"elementor-section elementor-top-section elementor-element elementor-element-38df9989 elementor-section-boxed elementor-section-height-default elementor-section-height-default\" data-id=\"38df9989\" data-element_type=\"section\" data-e-type=\"section\">\n\t\t\t\t\t\t<div class=\"elementor-container elementor-column-gap-default\">\n\t\t\t\t\t<div class=\"elementor-column elementor-col-100 elementor-top-column elementor-element elementor-element-1d812bf\" data-id=\"1d812bf\" data-element_type=\"column\" data-e-type=\"column\">\n\t\t\t<div class=\"elementor-widget-wrap elementor-element-populated\">\n\t\t\t\t\t\t<div class=\"elementor-element elementor-element-6d072d29 elementor-widget elementor-widget-text-editor\" data-id=\"6d072d29\" data-element_type=\"widget\" data-e-type=\"widget\" data-widget_type=\"text-editor.default\">\n\t\t\t\t<div class=\"elementor-widget-container\">\n\t\t\t\t\t\t\t\t\t<p><\/p>\n<p><strong>Informativa sulla privacy<\/strong><\/p>\n<p>Data effettiva: 10\/07\/2023<\/p>\n<p>ITALCLEAN EUROPE SRL gestisce il sito <a href=\"http:\/\/www.medicalteamtorino.com\">WWW.ITALCLEANEUROPE.IT<\/a> con sede legale in Strada circonvallazione 28 &#8211; Villafranca Piemonte (TO) &#8211; 10068<\/p>\n<p>La presente Informativa \u00e8 resa ai sensi dell\u2019art. 13 del D. Lgs. 196\/2003 e smi (di seguito \u201cCodice Privacy\u201d) e dell\u2019art. 13 del Regolamento UE n. 2016\/679 (di seguito \u201cGDPR 2016\/679\u201d).<\/p>\n<p><strong>Finalit\u00e0 del Trattamento<\/strong><\/p>\n<p>Utilizziamo i tuoi dati per fornire e migliorare il Servizio. Utilizzando il Servizio, l&#8217;utente accetta la raccolta e l&#8217;utilizzo delle informazioni in conformit\u00e0 con questa politica. Salvo diversamente definito nella presente Informativa sulla privacy, i termini utilizzati nella presente Informativa sulla privacy hanno lo stesso significato dei nostri Termini e condizioni, accessibili da <a href=\"http:\/\/www.ilmondodialis.it\">WWW.ITALCLEANEUROPE.IT <\/a> <\/p>\n<p><strong>Titolare del trattamento<\/strong><\/p>\n<p>Il Titolare del trattamento \u00e8 <strong>Ugo Giordano<\/strong><\/p>\n<p><strong>Raccolta e utilizzo delle informazioni<\/strong><\/p>\n<p>Raccogliamo diversi tipi di informazioni per vari scopi per fornire e migliorare il nostro Servizio per te.<\/p>\n<p><strong>Tipologia di dati raccolti<\/strong><\/p>\n<p><strong>Dati personali<\/strong><\/p>\n<p>Durante l&#8217;utilizzo del nostro Servizio, potremmo chiederti di fornirci alcune informazioni di identificazione personale che possono essere utilizzate per contattarti o identificarti (&#8220;Dati personali&#8221;). Le informazioni di identificazione personale possono includere, ma non sono limitate a:<\/p>\n<ul>\n<li>Indirizzo email<\/li>\n<li>Nome e cognome<\/li>\n<li>Numero di telefono<\/li>\n<li>Indirizzo, stato, provincia, codice di avviamento postale, citt\u00e0<\/li>\n<li>Cookie e dati di utilizzo<\/li>\n<\/ul>\n<p><strong>Dati di utilizzo<\/strong><\/p>\n<p>Potremmo anche raccogliere informazioni su come accedere e utilizzare il Servizio (&#8220;Dati di utilizzo&#8221;). Questi Dati di utilizzo possono includere informazioni quali l&#8217;indirizzo del protocollo Internet del computer (ad es. Indirizzo IP), il tipo di browser, la versione del browser, le pagine del nostro servizio che si visita, l&#8217;ora e la data della visita, il tempo trascorso su tali pagine, unico identificatori del dispositivo e altri dati diagnostici.<\/p>\n<p><strong>Dati di tracciamento e cookie<\/strong><\/p>\n<p>Utilizziamo cookie e tecnologie di tracciamento simili per tracciare l&#8217;attivit\u00e0 sul nostro Servizio e conservare determinate informazioni.<\/p>\n<p>I cookie sono file con una piccola quantit\u00e0 di dati che possono includere un identificatore univoco anonimo. I cookie vengono inviati al tuo browser da un sito web e memorizzati sul tuo dispositivo. Le tecnologie di monitoraggio utilizzate sono anche beacon, tag e script per raccogliere e tenere traccia delle informazioni e per migliorare e analizzare il nostro servizio.<\/p>\n<p>Puoi chiedere al tuo browser di rifiutare tutti i cookie o di indicare quando viene inviato un cookie. Tuttavia, se non accetti i cookie, potresti non essere in grado di utilizzare alcune parti del nostro Servizio.<\/p>\n<p>Esempi di cookie che utilizziamo:<\/p>\n<ul>\n<li><strong>Cookie di sessione. <\/strong>Utilizziamo i cookie di sessione per gestire il nostro servizio.<\/li>\n<li><strong>Cookie di preferenze. <\/strong>Utilizziamo i cookie di preferenza per ricordare le tue preferenze e varie impostazioni.<\/li>\n<li><strong>Cookie di sicurezza. <\/strong>Utilizziamo i cookie di sicurezza per motivi di sicurezza.<\/li>\n<\/ul>\n<p><strong>Modalit\u00e0 di trattamento e conservazione<\/strong><\/p>\n<p>Il trattamento sar\u00e0 svolto in forma automatizzata e\/o manuale, nel rispetto di quanto previsto dall\u2019art. 32 del GDPR 2016\/679 e dall\u2019Allegato B del D.Lgs. 196\/2003 e smi (artt. 33-36 del Codice) in materia di misure di sicurezza, ad opera di soggetti appositamente incaricati e in ottemperanza a quanto previsto dagli art. 29 GDPR 2016\/ 679.<\/p>\n<p>Le segnaliamo che, nel rispetto dei principi di liceit\u00e0, limitazione delle finalit\u00e0 e minimizzazione dei dati, ai sensi dell\u2019art. 5 GDPR 2016\/679, previo il Suo consenso libero ed esplicito, i Suoi dati personali saranno conservati per il periodo di tempo necessario per il conseguimento delle finalit\u00e0 per le quali sono raccolti e trattati.<\/p>\n<p><strong>Uso dei dati<\/strong><\/p>\n<p>ITALCLEAN EUROPE SRLutilizza i dati raccolti per vari scopi:<\/p>\n<ul>\n<li>Fornire e mantenere il servizio<\/li>\n<li>Per notificare le modifiche al nostro servizio<\/li>\n<li>Per consentirti di partecipare alle funzionalit\u00e0 interattive del nostro Servizio quando scegli di farlo<\/li>\n<li>Fornire assistenza e supporto ai clienti<\/li>\n<li>Fornire analisi o informazioni preziose per migliorare il servizio<\/li>\n<li>Per monitorare l&#8217;utilizzo del servizio<\/li>\n<li>Per rilevare, prevenire e risolvere i problemi tecnici<\/li>\n<\/ul>\n<p><strong>Trasferimento di dati<\/strong><\/p>\n<p>Le tue informazioni, compresi i Dati personali, possono essere trasferite a e mantenute su computer situati al di fuori del tuo stato, provincia, nazione o altra giurisdizione governativa in cui le leggi sulla protezione dei dati possono essere diverse da quelle della tua giurisdizione.<\/p>\n<p>Se ti trovi al di fuori dell&#8217;Italia e scegli di fornirci informazioni, ti preghiamo di notare che trasferiamo i dati, inclusi i Dati personali, in Italia e li elaboriamo l\u00ec.<\/p>\n<p>Il tuo consenso a questa Informativa sulla privacy seguito dall&#8217;invio di tali informazioni rappresenta il tuo consenso a tale trasferimento.<\/p>\n<p>ITALCLEAN EUROPE SRLprender\u00e0 tutte le misure ragionevolmente necessarie per garantire che i tuoi dati siano trattati in modo sicuro e in conformit\u00e0 con la presente Informativa sulla privacy e nessun trasferimento dei tuoi Dati personali sar\u00e0 effettuato a un&#8217;organizzazione oa un paese a meno che non ci siano controlli adeguati in posto compresa la sicurezza dei tuoi dati e altre informazioni personali.<\/p>\n<p><strong>Ambito di comunicazione e diffusione<\/strong><\/p>\n<p><strong>Requisiti legali<\/strong><\/p>\n<p>ITALCLEAN EUROPE SRLpotrebbe divulgare i vostri dati personali in buona fede, ritenendo che tale azione sia necessaria per:<\/p>\n<ul>\n<li>Per ottemperare a un obbligo legale<\/li>\n<li>Per proteggere e difendere i diritti o la propriet\u00e0 di Italclean europe srl<\/li>\n<li>Per prevenire o indagare su possibili illeciti in relazione al Servizio<\/li>\n<li>Per proteggere la sicurezza personale degli utenti del Servizio o del pubblico<\/li>\n<li>Per proteggere contro la responsabilit\u00e0 legale<\/li>\n<\/ul>\n<p><strong>Sicurezza dei dati<\/strong><\/p>\n<p>La sicurezza dei tuoi dati \u00e8 importante per noi, ma ricorda che nessun metodo di trasmissione su Internet o metodo di archiviazione elettronica \u00e8 sicuro al 100%. Mentre ci sforziamo di utilizzare mezzi commercialmente accettabili per proteggere i tuoi dati personali, non possiamo garantire la sua assoluta sicurezza.<\/p>\n<p><strong>Fornitori di servizi<\/strong><\/p>\n<p>Potremmo impiegare societ\u00e0 e individui di terze parti per facilitare il nostro Servizio (&#8220;Fornitori di servizi&#8221;), fornire il Servizio per nostro conto, eseguire servizi relativi ai Servizi o aiutarci ad analizzare come viene utilizzato il nostro Servizio.<\/p>\n<p>Queste terze parti hanno accesso ai tuoi dati personali solo per eseguire queste attivit\u00e0 per nostro conto e sono obbligate a non rivelarle o utilizzarle per altri scopi.<\/p>\n<p><strong>Analytics<\/strong><\/p>\n<p>Potremmo utilizzare i fornitori di servizi di terze parti per monitorare e analizzare l&#8217;utilizzo del nostro servizio.<\/p>\n<ul>\n<li><strong>Google Analytics<\/strong><\/li>\n<\/ul>\n<p>Google Analytics \u00e8 un servizio di analisi web offerto da Google che tiene traccia e segnala il traffico del sito web. Google utilizza i dati raccolti per tracciare e monitorare l&#8217;utilizzo del nostro Servizio. Questi dati sono condivisi con altri servizi di Google. Google pu\u00f2 utilizzare i dati raccolti per contestualizzare e personalizzare gli annunci della propria rete pubblicitaria.<\/p>\n<p>Puoi scegliere di non rendere disponibile la tua attivit\u00e0 sul Servizio a Google Analytics installando il componente aggiuntivo del browser per la disattivazione di Google Analytics. Il componente aggiuntivo impedisce a JavaScript di Google Analytics (ga.js, analytics.js e dc.js) di condividere informazioni con Google Analytics sull&#8217;attivit\u00e0 delle visite.<\/p>\n<p>Per ulteriori informazioni sulle prassi sulla privacy di Google, visita la pagina web sulla privacy e sui Termini di Google: <a href=\"https:\/\/policies.google.com\/privacy?hl=it\">https: \/\/ policies .google.com \/ privacy? hl = it<\/a><\/p>\n<p><strong>Collegamenti ad altri siti<\/strong><\/p>\n<p>Il nostro servizio potrebbe contenere collegamenti ad altri siti che non sono gestiti da noi. Se fai clic su un link di terze parti, sarai indirizzato al sito di quella terza parte. Ti consigliamo vivamente di rivedere l&#8217;Informativa sulla privacy di ogni sito che visiti.<\/p>\n<p>Non abbiamo alcun controllo e non ci assumiamo alcuna responsabilit\u00e0 per il contenuto, le politiche sulla privacy o le pratiche di qualsiasi sito o servizio di terze parti.<\/p>\n<p><strong>Privacy dei minori<\/strong><\/p>\n<p>Il nostro servizio non si rivolge a minori di 18 anni (&#8220;Bambini&#8221;).<\/p>\n<p>Non raccogliamo consapevolmente informazioni di identificazione personale da chiunque abbia meno di 18 anni. Se sei un genitore o un tutore e sei a conoscenza del fatto che i tuoi figli ci hanno fornito dati personali, ti preghiamo di contattarci. Se veniamo a conoscenza del fatto che abbiamo raccolto dati personali da minori senza verifica del consenso dei genitori, adottiamo provvedimenti per rimuovere tali informazioni dai nostri server.<\/p>\n<p><strong>Modifiche alla presente informativa sulla privacy<\/strong><\/p>\n<p>Potremmo aggiornare la nostra politica sulla privacy di volta in volta. Ti informeremo di eventuali modifiche pubblicando la nuova Informativa sulla privacy in questa pagina.<\/p>\n<p>Ti faremo sapere via e-mail e \/ o una nota importante sul nostro Servizio, prima che la modifica diventi effettiva e aggiorni la &#8220;data effettiva&#8221; nella parte superiore di questa Informativa sulla privacy.<\/p>\n<p>Si consiglia di rivedere periodicamente questa Informativa sulla privacy per eventuali modifiche. Le modifiche a questa Informativa sulla privacy sono efficaci quando sono pubblicate su questa pagina.<\/p>\n<p><strong>Diritti dell\u2019interessato<\/strong><\/p>\n<p>In ogni momento, Lei potr\u00e0 esercitare, ai sensi dell\u2019art. 7 del D.Lgs. 196\/2003 e smi e degli articoli dal 15 al 22 del Regolamento UE n. 2016\/679, il diritto di:c<\/p>\n<ol>\n<li>a) chiedere la conferma dell\u2019esistenza o meno di propri dati personali;<\/li>\n<li>b) ottenere le indicazioni circa le finalit\u00e0 del trattamento, le categorie dei dati personali, i destinatari o le categorie di destinatari a cui i dati personali sono stati o saranno comunicati e, quando possibile, il periodo di conservazione;<\/li>\n<li>c) ottenere la rettifica e la cancellazione dei dati;<\/li>\n<li>d) ottenere la limitazione del trattamento;<\/li>\n<li>e) ottenere la portabilit\u00e0 dei dati, ossia riceverli da un titolare del trattamento, in un formato strutturato, di uso comune e leggibile da dispositivo automatico, e trasmetterli ad un altro titolare del trattamento senza impedimenti;<\/li>\n<li>f) opporsi al trattamento in qualsiasi momento ed anche nel caso di trattamento per finalit\u00e0 di marketing diretto;<\/li>\n<li>g) opporsi ad un processo decisionale automatizzato relativo alle persone \ufb01siche, compresa la profilazione.<\/li>\n<li>h) chiedere al titolare del trattamento l\u2019accesso ai dati personali e la rettifica o la cancellazione degli stessi o la limitazione del trattamento che lo riguardano o di opporsi al loro trattamento, oltre al diritto alla portabilit\u00e0 dei dati;<\/li>\n<li>i) revocare il consenso in qualsiasi momento senza pregiudicare la liceit\u00e0 del trattamento basata sul consenso prestato prima della revoca;<\/li>\n<li>j) proporre reclamo a un\u2019autorit\u00e0 di controllo.<\/li>\n<\/ol>\n<p> <\/p>\n<p>Pu\u00f2 esercitare i Suoi diritti con richiesta scritta inviata a: info@italcleaneurope.it<\/p>\n<p> <\/p>\n<p><\/p>\t\t\t\t\t\t\t\t<\/div>\n\t\t\t\t<\/div>\n\t\t\t\t\t<\/div>\n\t\t<\/div>\n\t\t\t\t\t<\/div>\n\t\t<\/section>\n\t\t\t\t<\/div>\n\t\t","protected":false},"excerpt":{"rendered":"<p>Informativa sulla privacy Data effettiva: 10\/07\/2023 ITALCLEAN EUROPE SRL gestisce il sito WWW.ITALCLEANEUROPE.IT con sede legale in Strada circonvallazione 28 &#8211; Villafranca Piemonte (TO) &#8211; 10068 La presente Informativa \u00e8 resa ai sensi dell\u2019art. 13 del D. Lgs. 196\/2003 e smi (di seguito \u201cCodice Privacy\u201d) e dell\u2019art. 13 del Regolamento UE n. 2016\/679 (di seguito [&hellip;]<\/p>\n","protected":false},"author":1,"featured_media":0,"parent":0,"menu_order":0,"comment_status":"closed","ping_status":"open","template":"","meta":{"_acf_changed":false,"footnotes":""},"class_list":["post-2816","page","type-page","status-publish","hentry"],"acf":[],"yoast_head":"<!-- This site is optimized with the Yoast SEO plugin v27.4 - https:\/\/yoast.com\/product\/yoast-seo-wordpress\/ -->\n<title>Privacy - Italclean Europe | La pulizia dove serve e quando serve<\/title>\n<meta name=\"description\" content=\"Privacy - Italclean Europe: Leader nella vendita di macchine per la pulizia industriale, offre soluzioni innovative e di alta qualit\u00e0 per soddisfare tutte le esigenze di igiene professionale. Scopri la nostra gamma di prodotti avanzati e affidabili per una pulizia efficiente e sicura.\" \/>\n<meta name=\"robots\" content=\"index, follow, max-snippet:-1, max-image-preview:large, max-video-preview:-1\" \/>\n<link rel=\"canonical\" href=\"https:\/\/italcleaneurope.it\/en\/privacy\/\" \/>\n<meta property=\"og:locale\" content=\"en_US\" \/>\n<meta property=\"og:type\" content=\"article\" \/>\n<meta property=\"og:title\" content=\"Privacy - Italclean Europe | La pulizia dove serve e quando serve\" \/>\n<meta property=\"og:description\" content=\"Privacy - Italclean Europe: Leader nella vendita di macchine per la pulizia industriale, offre soluzioni innovative e di alta qualit\u00e0 per soddisfare tutte le esigenze di igiene professionale. Scopri la nostra gamma di prodotti avanzati e affidabili per una pulizia efficiente e sicura.\" \/>\n<meta property=\"og:url\" content=\"https:\/\/italcleaneurope.it\/en\/privacy\/\" \/>\n<meta property=\"og:site_name\" content=\"Italclean Europe | La pulizia dove serve e quando serve\" \/>\n<meta property=\"article:modified_time\" content=\"2023-10-27T20:09:54+00:00\" \/>\n<meta property=\"og:image\" content=\"https:\/\/italcleaneurope.it\/wp-content\/uploads\/2023\/09\/header_nuova.jpg\" \/>\n\t<meta property=\"og:image:width\" content=\"2030\" \/>\n\t<meta property=\"og:image:height\" content=\"700\" \/>\n\t<meta property=\"og:image:type\" content=\"image\/jpeg\" \/>\n<meta name=\"twitter:card\" content=\"summary_large_image\" \/>\n<meta name=\"twitter:label1\" content=\"Est. reading time\" \/>\n\t<meta name=\"twitter:data1\" content=\"8 minutes\" \/>\n<script type=\"application\/ld+json\" class=\"yoast-schema-graph\">{\"@context\":\"https:\\\/\\\/schema.org\",\"@graph\":[{\"@type\":\"WebPage\",\"@id\":\"https:\\\/\\\/italcleaneurope.it\\\/en\\\/privacy\\\/\",\"url\":\"https:\\\/\\\/italcleaneurope.it\\\/en\\\/privacy\\\/\",\"name\":\"Privacy - Italclean Europe | La pulizia dove serve e quando serve\",\"isPartOf\":{\"@id\":\"https:\\\/\\\/italcleaneurope.it\\\/en\\\/#website\"},\"datePublished\":\"2023-04-26T13:05:14+00:00\",\"dateModified\":\"2023-10-27T20:09:54+00:00\",\"description\":\"Privacy - Italclean Europe: Leader nella vendita di macchine per la pulizia industriale, offre soluzioni innovative e di alta qualit\u00e0 per soddisfare tutte le esigenze di igiene professionale. Scopri la nostra gamma di prodotti avanzati e affidabili per una pulizia efficiente e sicura.\",\"breadcrumb\":{\"@id\":\"https:\\\/\\\/italcleaneurope.it\\\/en\\\/privacy\\\/#breadcrumb\"},\"inLanguage\":\"en-US\",\"potentialAction\":[{\"@type\":\"ReadAction\",\"target\":[\"https:\\\/\\\/italcleaneurope.it\\\/en\\\/privacy\\\/\"]}]},{\"@type\":\"BreadcrumbList\",\"@id\":\"https:\\\/\\\/italcleaneurope.it\\\/en\\\/privacy\\\/#breadcrumb\",\"itemListElement\":[{\"@type\":\"ListItem\",\"position\":1,\"name\":\"Home\",\"item\":\"https:\\\/\\\/italcleaneurope.it\\\/en\\\/home\\\/\"},{\"@type\":\"ListItem\",\"position\":2,\"name\":\"Privacy\"}]},{\"@type\":\"WebSite\",\"@id\":\"https:\\\/\\\/italcleaneurope.it\\\/en\\\/#website\",\"url\":\"https:\\\/\\\/italcleaneurope.it\\\/en\\\/\",\"name\":\"Italclean Europe | La pulizia dove serve e quando serve\",\"description\":\"Macchine per la pulizia industriale con oltre 300 tipi di applicazione per aereoporti, industrie, aziende agricole, enti pubblici.\",\"publisher\":{\"@id\":\"https:\\\/\\\/italcleaneurope.it\\\/en\\\/#organization\"},\"alternateName\":\"Italcleaneurope\",\"potentialAction\":[{\"@type\":\"SearchAction\",\"target\":{\"@type\":\"EntryPoint\",\"urlTemplate\":\"https:\\\/\\\/italcleaneurope.it\\\/en\\\/?s={search_term_string}\"},\"query-input\":{\"@type\":\"PropertyValueSpecification\",\"valueRequired\":true,\"valueName\":\"search_term_string\"}}],\"inLanguage\":\"en-US\"},{\"@type\":\"Organization\",\"@id\":\"https:\\\/\\\/italcleaneurope.it\\\/en\\\/#organization\",\"name\":\"Italclean europe srl\",\"alternateName\":\"Italclean\",\"url\":\"https:\\\/\\\/italcleaneurope.it\\\/en\\\/\",\"logo\":{\"@type\":\"ImageObject\",\"inLanguage\":\"en-US\",\"@id\":\"https:\\\/\\\/italcleaneurope.it\\\/en\\\/#\\\/schema\\\/logo\\\/image\\\/\",\"url\":\"https:\\\/\\\/italcleaneurope.it\\\/wp-content\\\/uploads\\\/2023\\\/05\\\/logo_italclean.jpg\",\"contentUrl\":\"https:\\\/\\\/italcleaneurope.it\\\/wp-content\\\/uploads\\\/2023\\\/05\\\/logo_italclean.jpg\",\"width\":1385,\"height\":586,\"caption\":\"Italclean europe srl\"},\"image\":{\"@id\":\"https:\\\/\\\/italcleaneurope.it\\\/en\\\/#\\\/schema\\\/logo\\\/image\\\/\"}}]}<\/script>\n<!-- \/ Yoast SEO plugin. -->","yoast_head_json":{"title":"Privacy - Italclean Europe | La pulizia dove serve e quando serve","description":"Privacy - Italclean Europe: Leader nella vendita di macchine per la pulizia industriale, offre soluzioni innovative e di alta qualit\u00e0 per soddisfare tutte le esigenze di igiene professionale. Scopri la nostra gamma di prodotti avanzati e affidabili per una pulizia efficiente e sicura.","robots":{"index":"index","follow":"follow","max-snippet":"max-snippet:-1","max-image-preview":"max-image-preview:large","max-video-preview":"max-video-preview:-1"},"canonical":"https:\/\/italcleaneurope.it\/en\/privacy\/","og_locale":"en_US","og_type":"article","og_title":"Privacy - Italclean Europe | La pulizia dove serve e quando serve","og_description":"Privacy - Italclean Europe: Leader nella vendita di macchine per la pulizia industriale, offre soluzioni innovative e di alta qualit\u00e0 per soddisfare tutte le esigenze di igiene professionale. Scopri la nostra gamma di prodotti avanzati e affidabili per una pulizia efficiente e sicura.","og_url":"https:\/\/italcleaneurope.it\/en\/privacy\/","og_site_name":"Italclean Europe | La pulizia dove serve e quando serve","article_modified_time":"2023-10-27T20:09:54+00:00","og_image":[{"width":2030,"height":700,"url":"https:\/\/italcleaneurope.it\/wp-content\/uploads\/2023\/09\/header_nuova.jpg","type":"image\/jpeg"}],"twitter_card":"summary_large_image","twitter_misc":{"Est. reading time":"8 minutes"},"schema":{"@context":"https:\/\/schema.org","@graph":[{"@type":"WebPage","@id":"https:\/\/italcleaneurope.it\/en\/privacy\/","url":"https:\/\/italcleaneurope.it\/en\/privacy\/","name":"Privacy - Italclean Europe | La pulizia dove serve e quando serve","isPartOf":{"@id":"https:\/\/italcleaneurope.it\/en\/#website"},"datePublished":"2023-04-26T13:05:14+00:00","dateModified":"2023-10-27T20:09:54+00:00","description":"Privacy - Italclean Europe: Leader nella vendita di macchine per la pulizia industriale, offre soluzioni innovative e di alta qualit\u00e0 per soddisfare tutte le esigenze di igiene professionale. Scopri la nostra gamma di prodotti avanzati e affidabili per una pulizia efficiente e sicura.","breadcrumb":{"@id":"https:\/\/italcleaneurope.it\/en\/privacy\/#breadcrumb"},"inLanguage":"en-US","potentialAction":[{"@type":"ReadAction","target":["https:\/\/italcleaneurope.it\/en\/privacy\/"]}]},{"@type":"BreadcrumbList","@id":"https:\/\/italcleaneurope.it\/en\/privacy\/#breadcrumb","itemListElement":[{"@type":"ListItem","position":1,"name":"Home","item":"https:\/\/italcleaneurope.it\/en\/home\/"},{"@type":"ListItem","position":2,"name":"Privacy"}]},{"@type":"WebSite","@id":"https:\/\/italcleaneurope.it\/en\/#website","url":"https:\/\/italcleaneurope.it\/en\/","name":"Italclean Europe | La pulizia dove serve e quando serve","description":"Macchine per la pulizia industriale con oltre 300 tipi di applicazione per aereoporti, industrie, aziende agricole, enti pubblici.","publisher":{"@id":"https:\/\/italcleaneurope.it\/en\/#organization"},"alternateName":"Italcleaneurope","potentialAction":[{"@type":"SearchAction","target":{"@type":"EntryPoint","urlTemplate":"https:\/\/italcleaneurope.it\/en\/?s={search_term_string}"},"query-input":{"@type":"PropertyValueSpecification","valueRequired":true,"valueName":"search_term_string"}}],"inLanguage":"en-US"},{"@type":"Organization","@id":"https:\/\/italcleaneurope.it\/en\/#organization","name":"Italclean europe srl","alternateName":"Italclean","url":"https:\/\/italcleaneurope.it\/en\/","logo":{"@type":"ImageObject","inLanguage":"en-US","@id":"https:\/\/italcleaneurope.it\/en\/#\/schema\/logo\/image\/","url":"https:\/\/italcleaneurope.it\/wp-content\/uploads\/2023\/05\/logo_italclean.jpg","contentUrl":"https:\/\/italcleaneurope.it\/wp-content\/uploads\/2023\/05\/logo_italclean.jpg","width":1385,"height":586,"caption":"Italclean europe srl"},"image":{"@id":"https:\/\/italcleaneurope.it\/en\/#\/schema\/logo\/image\/"}}]}},"_links":{"self":[{"href":"https:\/\/italcleaneurope.it\/en\/wp-json\/wp\/v2\/pages\/2816","targetHints":{"allow":["GET"]}}],"collection":[{"href":"https:\/\/italcleaneurope.it\/en\/wp-json\/wp\/v2\/pages"}],"about":[{"href":"https:\/\/italcleaneurope.it\/en\/wp-json\/wp\/v2\/types\/page"}],"author":[{"embeddable":true,"href":"https:\/\/italcleaneurope.it\/en\/wp-json\/wp\/v2\/users\/1"}],"replies":[{"embeddable":true,"href":"https:\/\/italcleaneurope.it\/en\/wp-json\/wp\/v2\/comments?post=2816"}],"version-history":[{"count":0,"href":"https:\/\/italcleaneurope.it\/en\/wp-json\/wp\/v2\/pages\/2816\/revisions"}],"wp:attachment":[{"href":"https:\/\/italcleaneurope.it\/en\/wp-json\/wp\/v2\/media?parent=2816"}],"curies":[{"name":"wp","href":"https:\/\/api.w.org\/{rel}","templated":true}]}}