{"id":2817,"date":"2023-04-26T15:05:14","date_gmt":"2023-04-26T13:05:14","guid":{"rendered":"https:\/\/italcleaneurope.it\/privacidad\/"},"modified":"2023-11-14T12:52:42","modified_gmt":"2023-11-14T10:52:42","slug":"privacidad","status":"publish","type":"page","link":"https:\/\/italcleaneurope.it\/es\/privacidad\/","title":{"rendered":"Privacidad"},"content":{"rendered":"\t\t<div data-elementor-type=\"wp-page\" data-elementor-id=\"2817\" class=\"elementor elementor-2817 elementor-3\" data-elementor-post-type=\"page\">\n\t\t\t\t\t\t<section class=\"elementor-section elementor-top-section elementor-element elementor-element-38df9989 elementor-section-boxed elementor-section-height-default elementor-section-height-default\" data-id=\"38df9989\" data-element_type=\"section\" data-e-type=\"section\">\n\t\t\t\t\t\t<div class=\"elementor-container elementor-column-gap-default\">\n\t\t\t\t\t<div class=\"elementor-column elementor-col-100 elementor-top-column elementor-element elementor-element-1d812bf\" data-id=\"1d812bf\" data-element_type=\"column\" data-e-type=\"column\">\n\t\t\t<div class=\"elementor-widget-wrap elementor-element-populated\">\n\t\t\t\t\t\t<div class=\"elementor-element elementor-element-6d072d29 elementor-widget elementor-widget-text-editor\" data-id=\"6d072d29\" data-element_type=\"widget\" data-e-type=\"widget\" data-widget_type=\"text-editor.default\">\n\t\t\t\t<div class=\"elementor-widget-container\">\n\t\t\t\t\t\t\t\t\t<p><\/p>\n<p><strong>Pol\u00edtica de privacidad<\/strong><\/p>\n<p>Fecha de entrada en vigor: 10\/07\/2023<\/p>\n<p>ITALCLEAN EUROPE SRL gestiona el sitio web <a href=\"http:\/\/www.medicalteamtorino.com\">WWW.ITALCLEANEUROPE.IT<\/a> con domicilio social en Strada Circonvallazione 28 &#8211; Villafranca Piemonte (TO) &#8211; 10068<\/p>\n<p>La presente nota informativa se emite de conformidad con el art. 13 del Decreto Legislativo n 196\/2003 y siguientes (en lo sucesivo, \u00abC\u00f3digo de Privacidad\u00bb) y art. 13 del Reglamento (CE) n 2016\/679 (en lo sucesivo, \u00abGDPR 2016\/679\u00bb).<\/p>\n<p><strong>Finalidad del tratamiento<\/strong><\/p>\n<p>Utilizamos sus datos para prestar y mejorar el Servicio. Al utilizar el Servicio, usted acepta la recopilaci\u00f3n y el uso de informaci\u00f3n de acuerdo con esta pol\u00edtica. A menos que se defina lo contrario en esta Pol\u00edtica de Privacidad, los t\u00e9rminos utilizados en esta Pol\u00edtica de Privacidad tienen el mismo significado que en nuestros T\u00e9rminos y Condiciones, accesibles en <a href=\"http:\/\/www.ilmondodialis.it\">WWW.ITALCLEANEUROPE.IT <\/a> <\/p>\n<p><strong>Controlador de datos<\/strong><\/p>\n<p>El responsable del tratamiento es <strong>Ugo Giordano<\/strong><\/p>\n<p><strong>Recogida y uso de la informaci\u00f3n<\/strong><\/p>\n<p>Recopilamos diferentes tipos de informaci\u00f3n con diversos fines para proporcionarle y mejorar nuestro Servicio.<\/p>\n<p><strong>Tipo de datos recogidos<\/strong><\/p>\n<p><strong>Datos personales<\/strong><\/p>\n<p>Al utilizar nuestro Servicio, es posible que le pidamos que nos proporcione cierta informaci\u00f3n de identificaci\u00f3n personal que puede utilizarse para ponernos en contacto con usted o identificarle (\u00abDatos personales\u00bb). La informaci\u00f3n personal identificable puede incluir, entre otros datos:<\/p>\n<ul>\n<li>Direcci\u00f3n de correo electr\u00f3nico<\/li>\n<li>Nombre y apellidos<\/li>\n<li>N\u00famero de tel\u00e9fono<\/li>\n<li>Direcci\u00f3n, estado, provincia, c\u00f3digo postal, ciudad<\/li>\n<li>Cookies y datos de uso<\/li>\n<\/ul>\n<p><strong>Datos de uso<\/strong><\/p>\n<p>Tambi\u00e9n podemos recopilar informaci\u00f3n sobre c\u00f3mo accede y utiliza el Servicio (\u00abDatos de uso\u00bb). Estos Datos de Uso pueden incluir informaci\u00f3n como la direcci\u00f3n de Protocolo de Internet de su ordenador (por ejemplo, la direcci\u00f3n IP), el tipo de navegador, la versi\u00f3n del navegador, las p\u00e1ginas de nuestro servicio que visita, la hora y la fecha de su visita, el tiempo que pasa en esas p\u00e1ginas, identificadores \u00fanicos de dispositivos y otros datos de diagn\u00f3stico.<\/p>\n<p><strong>Datos de seguimiento y cookies<\/strong><\/p>\n<p>Utilizamos cookies y tecnolog\u00edas de seguimiento similares para rastrear la actividad en nuestro Servicio y almacenar cierta informaci\u00f3n.<\/p>\n<p>Las cookies son archivos con una peque\u00f1a cantidad de datos que pueden incluir un identificador \u00fanico an\u00f3nimo. Las cookies se env\u00edan a su navegador desde un sitio web y se almacenan en su dispositivo. Las tecnolog\u00edas de seguimiento utilizadas son tambi\u00e9n balizas, etiquetas y scripts para recopilar y rastrear informaci\u00f3n y para mejorar y analizar nuestro servicio.<\/p>\n<p>Puede pedir a su navegador que rechace todas las cookies o que le indique cu\u00e1ndo se env\u00eda una cookie. No obstante, si no acepta las cookies, es posible que no pueda utilizar determinadas partes de nuestro Servicio.<\/p>\n<p>Ejemplos de cookies que utilizamos<\/p>\n<ul>\n<li><strong>Cookies de sesi\u00f3n. <\/strong>Utilizamos cookies de sesi\u00f3n para gestionar nuestro servicio.<\/li>\n<li><strong>Cookies de preferencia. <\/strong>Utilizamos cookies de preferencias para recordar sus preferencias y diversos ajustes.<\/li>\n<li><strong>Cookies de seguridad. <\/strong>Utilizamos cookies de seguridad por motivos de seguridad.<\/li>\n<\/ul>\n<p><strong>M\u00e9todos de transformaci\u00f3n y almacenamiento<\/strong><\/p>\n<p>El tratamiento se realizar\u00e1 de forma automatizada y\/o manual, de conformidad con lo dispuesto en el Art. 32 del GDPR 2016\/679 y el anexo B del Decreto Legislativo. 196\/2003 y siguientes (art. 33-36 del C\u00f3digo) en materia de medidas de seguridad, por personas especialmente designadas y en cumplimiento del art. 29 GDPR 2016\/ 679.<\/p>\n<p>Tenga en cuenta que, de conformidad con los principios de legalidad, limitaci\u00f3n de la finalidad y minimizaci\u00f3n de datos, en virtud del Art. 5 GDPR 2016\/679, sujeto a su consentimiento libre y expl\u00edcito, sus datos personales se conservar\u00e1n durante el per\u00edodo de tiempo necesario para lograr los fines para los que se recopilan y procesan.<\/p>\n<p><strong>Utilizaci\u00f3n de datos<\/strong><\/p>\n<p>ITALCLEAN EUROPE SRL utiliza los datos recogidos para diversos fines:<\/p>\n<ul>\n<li>Prestaci\u00f3n y mantenimiento del servicio<\/li>\n<li>Para notificar cambios en nuestro servicio<\/li>\n<li>Para permitirle participar en las funciones interactivas de nuestro Servicio cuando decida hacerlo<\/li>\n<li>Atenci\u00f3n al cliente<\/li>\n<li>Proporcionar an\u00e1lisis o informaci\u00f3n valiosa para mejorar el servicio<\/li>\n<li>Supervisar el uso del servicio<\/li>\n<li>Detectar, prevenir y resolver problemas t\u00e9cnicos<\/li>\n<\/ul>\n<p><strong>Transferencia de datos<\/strong><\/p>\n<p>Su informaci\u00f3n, incluidos los Datos Personales, puede ser transferida y mantenida en ordenadores situados fuera de su estado, provincia, pa\u00eds u otra jurisdicci\u00f3n gubernamental donde las leyes de protecci\u00f3n de datos puedan diferir de las de su jurisdicci\u00f3n.<\/p>\n<p>Si se encuentra fuera de Italia y decide proporcionarnos informaci\u00f3n, tenga en cuenta que transferimos datos, incluidos datos personales, a Italia y los procesamos all\u00ed.<\/p>\n<p>Su consentimiento a esta Pol\u00edtica de Privacidad seguido del env\u00edo de dicha informaci\u00f3n constituye su consentimiento a dicha transferencia.<\/p>\n<p>ITALCLEAN EUROPE SRL tomar\u00e1 todas las medidas razonablemente necesarias para garantizar que sus datos sean tratados de forma segura y de acuerdo con esta Pol\u00edtica de Privacidad y no se realizar\u00e1 ninguna transferencia de sus Datos Personales a ninguna organizaci\u00f3n o pa\u00eds a menos que existan controles adecuados que incluyan la seguridad de sus datos y otra informaci\u00f3n personal.<\/p>\n<p><strong>\u00c1mbito de comunicaci\u00f3n y difusi\u00f3n<\/strong><\/p>\n<p><strong>Requisitos legales<\/strong><\/p>\n<p>ITALCLEAN EUROPE SRLpodr\u00e1 revelar sus datos personales de buena fe, creyendo que dicha acci\u00f3n es necesaria para:<\/p>\n<ul>\n<li>Para cumplir una obligaci\u00f3n legal<\/li>\n<li>Para proteger y defender los derechos o la propiedad de Italclean europe srl<\/li>\n<li>Para prevenir o investigar posibles irregularidades relacionadas con el Servicio<\/li>\n<li>Proteger la seguridad personal de los usuarios del Servicio o del p\u00fablico.<\/li>\n<li>Para protegerse de la responsabilidad legal<\/li>\n<\/ul>\n<p><strong>Seguridad de los datos<\/strong><\/p>\n<p>La seguridad de sus datos es importante para nosotros, pero recuerde que ning\u00fan m\u00e9todo de transmisi\u00f3n por Internet o de almacenamiento electr\u00f3nico es seguro al 100%. Aunque nos esforzamos por utilizar medios comercialmente aceptables para proteger sus datos personales, no podemos garantizar su seguridad absoluta.<\/p>\n<p><strong>Proveedores de servicios<\/strong><\/p>\n<p>Podemos contratar a terceras empresas y particulares para facilitar nuestro Servicio (\u00abProveedores de Servicios\u00bb), prestar el Servicio en nuestro nombre, realizar servicios relacionados con los Servicios o ayudarnos a analizar c\u00f3mo se utiliza nuestro Servicio.<\/p>\n<p>Estos terceros s\u00f3lo tienen acceso a sus datos personales para realizar estas actividades en nuestro nombre y est\u00e1n obligados a no divulgarlos ni utilizarlos para otros fines.<\/p>\n<p><strong>Anal\u00edtica<\/strong><\/p>\n<p>Podemos utilizar proveedores de servicios externos para supervisar y analizar el uso de nuestro servicio.<\/p>\n<ul>\n<li><strong>Google Analytics<\/strong><\/li>\n<\/ul>\n<p>Google Analytics es un servicio de an\u00e1lisis web ofrecido por Google que rastrea e informa sobre el tr\u00e1fico del sitio web. Google utiliza los datos recopilados para rastrear y supervisar el uso de nuestro Servicio. Estos datos se comparten con otros servicios de Google. Google puede utilizar los datos recopilados para contextualizar y personalizar los anuncios de su red publicitaria.<\/p>\n<p>Puede optar por no poner su actividad en el Servicio a disposici\u00f3n de Google Analytics instalando el complemento de inhabilitaci\u00f3n para navegadores de Google Analytics. El complemento impide que Google Analytics JavaScript (ga.js, analytics.js y dc.js) comparta informaci\u00f3n con Google Analytics sobre la actividad de las visitas.<\/p>\n<p>Para obtener m\u00e1s informaci\u00f3n sobre las pr\u00e1cticas de privacidad de Google, visite la p\u00e1gina web de privacidad y condiciones de Google: <a href=\"https:\/\/policies.google.com\/privacy?hl=it\">https: \/\/ policies .google.com \/ privacy? hl = en<\/a><\/p>\n<p><strong>Enlaces a otros sitios<\/strong><\/p>\n<p>Nuestro servicio puede contener enlaces a otros sitios que no son operados por nosotros. Si hace clic en un enlace de terceros, ser\u00e1 dirigido al sitio web de ese tercero. Le recomendamos encarecidamente que revise la pol\u00edtica de privacidad de cada sitio que visite.<\/p>\n<p>No tenemos ning\u00fan control ni asumimos ninguna responsabilidad por el contenido, las pol\u00edticas de privacidad o las pr\u00e1cticas de ning\u00fan sitio o servicio de terceros.<\/p>\n<p><strong>Privacidad de los menores<\/strong><\/p>\n<p>Nuestro servicio no est\u00e1 destinado a menores de 18 a\u00f1os (\u00abNi\u00f1os\u00bb).<\/p>\n<p>No recopilamos conscientemente informaci\u00f3n personal identificable de menores de 18 a\u00f1os. Si usted es padre o tutor y tiene conocimiento de que sus hijos nos han proporcionado datos personales, p\u00f3ngase en contacto con nosotros. Si tenemos conocimiento de que hemos recopilado datos personales de menores sin verificar el consentimiento paterno, tomamos medidas para eliminar esa informaci\u00f3n de nuestros servidores.<\/p>\n<p><strong>Cambios en esta pol\u00edtica de privacidad<\/strong><\/p>\n<p>Es posible que actualicemos nuestra pol\u00edtica de privacidad de vez en cuando. Le informaremos de cualquier cambio publicando la nueva Pol\u00edtica de Privacidad en esta p\u00e1gina.<\/p>\n<p>Le informaremos por correo electr\u00f3nico y\/o mediante una nota importante en nuestro Servicio, antes de que el cambio entre en vigor y actualizaremos la \u00abfecha de entrada en vigor\u00bb en la parte superior de esta Pol\u00edtica de Privacidad.<\/p>\n<p>Le recomendamos que revise peri\u00f3dicamente esta Pol\u00edtica de Privacidad para comprobar si se han producido cambios. Las modificaciones de esta Pol\u00edtica de privacidad entrar\u00e1n en vigor cuando se publiquen en esta p\u00e1gina.<\/p>\n<p><strong>Derechos del interesado<\/strong><\/p>\n<p>En cualquier momento, puede ejercer, de conformidad con el art. 7 del Decreto Legislativo. 196\/2003 y siguientes y los art\u00edculos 15 a 22 del Reglamento (CE) n 2016\/679, el derecho a:c<\/p>\n<ol>\n<li>a) solicitar confirmaci\u00f3n de la existencia o no de sus datos personales;<\/li>\n<li>(b) obtener informaci\u00f3n sobre los fines del tratamiento, las categor\u00edas de datos personales, los destinatarios o categor\u00edas de destinatarios a los que se han comunicado o se comunicar\u00e1n los datos personales y, cuando sea posible, el per\u00edodo de conservaci\u00f3n;<\/li>\n<li>c) obtener la rectificaci\u00f3n y supresi\u00f3n de los datos;<\/li>\n<li>(d) obtener la restricci\u00f3n del tratamiento;<\/li>\n<li>(e) obtener la portabilidad de los datos, es decir, recibirlos de un responsable del tratamiento, en un formato estructurado, de uso com\u00fan y lectura mec\u00e1nica, y transmitirlos a otro responsable del tratamiento sin impedimentos;<\/li>\n<li>f) oponerse al tratamiento en cualquier momento y tambi\u00e9n en caso de tratamiento con fines de venta directa;<\/li>\n<li>(g) oponerse a la toma de decisiones automatizadas relativas a personas determinadas, incluida la elaboraci\u00f3n de perfiles.<\/li>\n<li>(h) solicitar al responsable del tratamiento el acceso a los datos personales y su rectificaci\u00f3n o supresi\u00f3n, o la limitaci\u00f3n del tratamiento de los datos personales que le conciernan, u oponerse a su tratamiento, adem\u00e1s del derecho a la portabilidad de los datos;<\/li>\n<li>(i) revocar el consentimiento en cualquier momento sin que ello afecte a la legalidad del tratamiento basado en el consentimiento dado antes de la revocaci\u00f3n;<\/li>\n<li>(j) presentar una denuncia ante una autoridad de control.<\/li>\n<\/ol>\n<p> <\/p>\n<p>Puede ejercer sus derechos enviando una solicitud por escrito a: info@italcleaneurope.it<\/p>\n<p> <\/p>\n<p><\/p>\t\t\t\t\t\t\t\t<\/div>\n\t\t\t\t<\/div>\n\t\t\t\t\t<\/div>\n\t\t<\/div>\n\t\t\t\t\t<\/div>\n\t\t<\/section>\n\t\t\t\t<\/div>\n\t\t","protected":false},"excerpt":{"rendered":"<p>Pol\u00edtica de privacidad Fecha de entrada en vigor: 10\/07\/2023 ITALCLEAN EUROPE SRL gestiona el sitio web WWW.ITALCLEANEUROPE.IT con domicilio social en Strada Circonvallazione 28 &#8211; Villafranca Piemonte (TO) &#8211; 10068 La presente nota informativa se emite de conformidad con el art. 13 del Decreto Legislativo n 196\/2003 y siguientes (en lo sucesivo, \u00abC\u00f3digo de Privacidad\u00bb) [&hellip;]<\/p>\n","protected":false},"author":1,"featured_media":0,"parent":0,"menu_order":0,"comment_status":"closed","ping_status":"open","template":"","meta":{"_acf_changed":false,"footnotes":""},"class_list":["post-2817","page","type-page","status-publish","hentry"],"acf":[],"yoast_head":"<!-- This site is optimized with the Yoast SEO plugin v27.4 - https:\/\/yoast.com\/product\/yoast-seo-wordpress\/ -->\n<title>Privacidad - Italclean Europe | La pulizia dove serve e quando serve<\/title>\n<meta name=\"description\" content=\"Privacidad - Italclean Europe: Leader nella vendita di macchine per la pulizia industriale, offre soluzioni innovative e di alta qualit\u00e0 per soddisfare tutte le esigenze di igiene professionale. Scopri la nostra gamma di prodotti avanzati e affidabili per una pulizia efficiente e sicura.\" \/>\n<meta name=\"robots\" content=\"index, follow, max-snippet:-1, max-image-preview:large, max-video-preview:-1\" \/>\n<link rel=\"canonical\" href=\"https:\/\/italcleaneurope.it\/es\/privacidad\/\" \/>\n<meta property=\"og:locale\" content=\"es_ES\" \/>\n<meta property=\"og:type\" content=\"article\" \/>\n<meta property=\"og:title\" content=\"Privacidad - Italclean Europe | La pulizia dove serve e quando serve\" \/>\n<meta property=\"og:description\" content=\"Privacidad - Italclean Europe: Leader nella vendita di macchine per la pulizia industriale, offre soluzioni innovative e di alta qualit\u00e0 per soddisfare tutte le esigenze di igiene professionale. Scopri la nostra gamma di prodotti avanzati e affidabili per una pulizia efficiente e sicura.\" \/>\n<meta property=\"og:url\" content=\"https:\/\/italcleaneurope.it\/es\/privacidad\/\" \/>\n<meta property=\"og:site_name\" content=\"Italclean Europe | La pulizia dove serve e quando serve\" \/>\n<meta property=\"article:modified_time\" content=\"2023-11-14T10:52:42+00:00\" \/>\n<meta property=\"og:image\" content=\"https:\/\/italcleaneurope.it\/wp-content\/uploads\/2023\/09\/header_nuova.jpg\" \/>\n\t<meta property=\"og:image:width\" content=\"2030\" \/>\n\t<meta property=\"og:image:height\" content=\"700\" \/>\n\t<meta property=\"og:image:type\" content=\"image\/jpeg\" \/>\n<meta name=\"twitter:card\" content=\"summary_large_image\" \/>\n<meta name=\"twitter:label1\" content=\"Tiempo de lectura\" \/>\n\t<meta name=\"twitter:data1\" content=\"9 minutos\" \/>\n<script type=\"application\/ld+json\" class=\"yoast-schema-graph\">{\"@context\":\"https:\\\/\\\/schema.org\",\"@graph\":[{\"@type\":\"WebPage\",\"@id\":\"https:\\\/\\\/italcleaneurope.it\\\/es\\\/privacidad\\\/\",\"url\":\"https:\\\/\\\/italcleaneurope.it\\\/es\\\/privacidad\\\/\",\"name\":\"Privacidad - Italclean Europe | La pulizia dove serve e quando serve\",\"isPartOf\":{\"@id\":\"https:\\\/\\\/italcleaneurope.it\\\/es\\\/#website\"},\"datePublished\":\"2023-04-26T13:05:14+00:00\",\"dateModified\":\"2023-11-14T10:52:42+00:00\",\"description\":\"Privacidad - Italclean Europe: Leader nella vendita di macchine per la pulizia industriale, offre soluzioni innovative e di alta qualit\u00e0 per soddisfare tutte le esigenze di igiene professionale. Scopri la nostra gamma di prodotti avanzati e affidabili per una pulizia efficiente e sicura.\",\"breadcrumb\":{\"@id\":\"https:\\\/\\\/italcleaneurope.it\\\/es\\\/privacidad\\\/#breadcrumb\"},\"inLanguage\":\"es\",\"potentialAction\":[{\"@type\":\"ReadAction\",\"target\":[\"https:\\\/\\\/italcleaneurope.it\\\/es\\\/privacidad\\\/\"]}]},{\"@type\":\"BreadcrumbList\",\"@id\":\"https:\\\/\\\/italcleaneurope.it\\\/es\\\/privacidad\\\/#breadcrumb\",\"itemListElement\":[{\"@type\":\"ListItem\",\"position\":1,\"name\":\"Home\",\"item\":\"https:\\\/\\\/italcleaneurope.it\\\/es\\\/inicio\\\/\"},{\"@type\":\"ListItem\",\"position\":2,\"name\":\"Privacidad\"}]},{\"@type\":\"WebSite\",\"@id\":\"https:\\\/\\\/italcleaneurope.it\\\/es\\\/#website\",\"url\":\"https:\\\/\\\/italcleaneurope.it\\\/es\\\/\",\"name\":\"Italclean Europe | La pulizia dove serve e quando serve\",\"description\":\"Macchine per la pulizia industriale con oltre 300 tipi di applicazione per aereoporti, industrie, aziende agricole, enti pubblici.\",\"publisher\":{\"@id\":\"https:\\\/\\\/italcleaneurope.it\\\/es\\\/#organization\"},\"alternateName\":\"Italcleaneurope\",\"potentialAction\":[{\"@type\":\"SearchAction\",\"target\":{\"@type\":\"EntryPoint\",\"urlTemplate\":\"https:\\\/\\\/italcleaneurope.it\\\/es\\\/?s={search_term_string}\"},\"query-input\":{\"@type\":\"PropertyValueSpecification\",\"valueRequired\":true,\"valueName\":\"search_term_string\"}}],\"inLanguage\":\"es\"},{\"@type\":\"Organization\",\"@id\":\"https:\\\/\\\/italcleaneurope.it\\\/es\\\/#organization\",\"name\":\"Italclean europe srl\",\"alternateName\":\"Italclean\",\"url\":\"https:\\\/\\\/italcleaneurope.it\\\/es\\\/\",\"logo\":{\"@type\":\"ImageObject\",\"inLanguage\":\"es\",\"@id\":\"https:\\\/\\\/italcleaneurope.it\\\/es\\\/#\\\/schema\\\/logo\\\/image\\\/\",\"url\":\"https:\\\/\\\/italcleaneurope.it\\\/wp-content\\\/uploads\\\/2023\\\/05\\\/logo_italclean.jpg\",\"contentUrl\":\"https:\\\/\\\/italcleaneurope.it\\\/wp-content\\\/uploads\\\/2023\\\/05\\\/logo_italclean.jpg\",\"width\":1385,\"height\":586,\"caption\":\"Italclean europe srl\"},\"image\":{\"@id\":\"https:\\\/\\\/italcleaneurope.it\\\/es\\\/#\\\/schema\\\/logo\\\/image\\\/\"}}]}<\/script>\n<!-- \/ Yoast SEO plugin. -->","yoast_head_json":{"title":"Privacidad - Italclean Europe | La pulizia dove serve e quando serve","description":"Privacidad - Italclean Europe: Leader nella vendita di macchine per la pulizia industriale, offre soluzioni innovative e di alta qualit\u00e0 per soddisfare tutte le esigenze di igiene professionale. Scopri la nostra gamma di prodotti avanzati e affidabili per una pulizia efficiente e sicura.","robots":{"index":"index","follow":"follow","max-snippet":"max-snippet:-1","max-image-preview":"max-image-preview:large","max-video-preview":"max-video-preview:-1"},"canonical":"https:\/\/italcleaneurope.it\/es\/privacidad\/","og_locale":"es_ES","og_type":"article","og_title":"Privacidad - Italclean Europe | La pulizia dove serve e quando serve","og_description":"Privacidad - Italclean Europe: Leader nella vendita di macchine per la pulizia industriale, offre soluzioni innovative e di alta qualit\u00e0 per soddisfare tutte le esigenze di igiene professionale. Scopri la nostra gamma di prodotti avanzati e affidabili per una pulizia efficiente e sicura.","og_url":"https:\/\/italcleaneurope.it\/es\/privacidad\/","og_site_name":"Italclean Europe | La pulizia dove serve e quando serve","article_modified_time":"2023-11-14T10:52:42+00:00","og_image":[{"width":2030,"height":700,"url":"https:\/\/italcleaneurope.it\/wp-content\/uploads\/2023\/09\/header_nuova.jpg","type":"image\/jpeg"}],"twitter_card":"summary_large_image","twitter_misc":{"Tiempo de lectura":"9 minutos"},"schema":{"@context":"https:\/\/schema.org","@graph":[{"@type":"WebPage","@id":"https:\/\/italcleaneurope.it\/es\/privacidad\/","url":"https:\/\/italcleaneurope.it\/es\/privacidad\/","name":"Privacidad - Italclean Europe | La pulizia dove serve e quando serve","isPartOf":{"@id":"https:\/\/italcleaneurope.it\/es\/#website"},"datePublished":"2023-04-26T13:05:14+00:00","dateModified":"2023-11-14T10:52:42+00:00","description":"Privacidad - Italclean Europe: Leader nella vendita di macchine per la pulizia industriale, offre soluzioni innovative e di alta qualit\u00e0 per soddisfare tutte le esigenze di igiene professionale. Scopri la nostra gamma di prodotti avanzati e affidabili per una pulizia efficiente e sicura.","breadcrumb":{"@id":"https:\/\/italcleaneurope.it\/es\/privacidad\/#breadcrumb"},"inLanguage":"es","potentialAction":[{"@type":"ReadAction","target":["https:\/\/italcleaneurope.it\/es\/privacidad\/"]}]},{"@type":"BreadcrumbList","@id":"https:\/\/italcleaneurope.it\/es\/privacidad\/#breadcrumb","itemListElement":[{"@type":"ListItem","position":1,"name":"Home","item":"https:\/\/italcleaneurope.it\/es\/inicio\/"},{"@type":"ListItem","position":2,"name":"Privacidad"}]},{"@type":"WebSite","@id":"https:\/\/italcleaneurope.it\/es\/#website","url":"https:\/\/italcleaneurope.it\/es\/","name":"Italclean Europe | La pulizia dove serve e quando serve","description":"Macchine per la pulizia industriale con oltre 300 tipi di applicazione per aereoporti, industrie, aziende agricole, enti pubblici.","publisher":{"@id":"https:\/\/italcleaneurope.it\/es\/#organization"},"alternateName":"Italcleaneurope","potentialAction":[{"@type":"SearchAction","target":{"@type":"EntryPoint","urlTemplate":"https:\/\/italcleaneurope.it\/es\/?s={search_term_string}"},"query-input":{"@type":"PropertyValueSpecification","valueRequired":true,"valueName":"search_term_string"}}],"inLanguage":"es"},{"@type":"Organization","@id":"https:\/\/italcleaneurope.it\/es\/#organization","name":"Italclean europe srl","alternateName":"Italclean","url":"https:\/\/italcleaneurope.it\/es\/","logo":{"@type":"ImageObject","inLanguage":"es","@id":"https:\/\/italcleaneurope.it\/es\/#\/schema\/logo\/image\/","url":"https:\/\/italcleaneurope.it\/wp-content\/uploads\/2023\/05\/logo_italclean.jpg","contentUrl":"https:\/\/italcleaneurope.it\/wp-content\/uploads\/2023\/05\/logo_italclean.jpg","width":1385,"height":586,"caption":"Italclean europe srl"},"image":{"@id":"https:\/\/italcleaneurope.it\/es\/#\/schema\/logo\/image\/"}}]}},"_links":{"self":[{"href":"https:\/\/italcleaneurope.it\/es\/wp-json\/wp\/v2\/pages\/2817","targetHints":{"allow":["GET"]}}],"collection":[{"href":"https:\/\/italcleaneurope.it\/es\/wp-json\/wp\/v2\/pages"}],"about":[{"href":"https:\/\/italcleaneurope.it\/es\/wp-json\/wp\/v2\/types\/page"}],"author":[{"embeddable":true,"href":"https:\/\/italcleaneurope.it\/es\/wp-json\/wp\/v2\/users\/1"}],"replies":[{"embeddable":true,"href":"https:\/\/italcleaneurope.it\/es\/wp-json\/wp\/v2\/comments?post=2817"}],"version-history":[{"count":0,"href":"https:\/\/italcleaneurope.it\/es\/wp-json\/wp\/v2\/pages\/2817\/revisions"}],"wp:attachment":[{"href":"https:\/\/italcleaneurope.it\/es\/wp-json\/wp\/v2\/media?parent=2817"}],"curies":[{"name":"wp","href":"https:\/\/api.w.org\/{rel}","templated":true}]}}