{"id":2868,"date":"2023-07-06T08:41:00","date_gmt":"2023-07-06T06:41:00","guid":{"rendered":"https:\/\/italcleaneurope.it\/citar-cepillos\/"},"modified":"2023-10-27T21:59:29","modified_gmt":"2023-10-27T19:59:29","slug":"citar-cepillos","status":"publish","type":"page","link":"https:\/\/italcleaneurope.it\/es\/citar-cepillos\/","title":{"rendered":"Citar cepillos"},"content":{"rendered":"\t\t<div data-elementor-type=\"wp-page\" data-elementor-id=\"2868\" class=\"elementor elementor-2868 elementor-684\" data-elementor-post-type=\"page\">\n\t\t\t\t\t\t<section class=\"elementor-section elementor-top-section elementor-element elementor-element-1ccbf1db elementor-section-boxed elementor-section-height-default elementor-section-height-default\" data-id=\"1ccbf1db\" data-element_type=\"section\" data-e-type=\"section\" data-settings=\"{&quot;background_background&quot;:&quot;classic&quot;}\">\n\t\t\t\t\t\t<div class=\"elementor-container elementor-column-gap-default\">\n\t\t\t\t\t<div class=\"elementor-column elementor-col-100 elementor-top-column elementor-element elementor-element-78d4d03e\" data-id=\"78d4d03e\" data-element_type=\"column\" data-e-type=\"column\">\n\t\t\t<div class=\"elementor-widget-wrap elementor-element-populated\">\n\t\t\t\t\t\t<div class=\"elementor-element elementor-element-60977768 elementor-widget elementor-widget-heading\" data-id=\"60977768\" data-element_type=\"widget\" data-e-type=\"widget\" data-widget_type=\"heading.default\">\n\t\t\t\t<div class=\"elementor-widget-container\">\n\t\t\t\t\t<h1 class=\"elementor-heading-title elementor-size-default\">Solicitud de presupuesto Cepilladoras<\/h1>\t\t\t\t<\/div>\n\t\t\t\t<\/div>\n\t\t\t\t\t<\/div>\n\t\t<\/div>\n\t\t\t\t\t<\/div>\n\t\t<\/section>\n\t\t\t\t<section class=\"elementor-section elementor-top-section elementor-element elementor-element-4f48376 elementor-section-boxed elementor-section-height-default elementor-section-height-default\" data-id=\"4f48376\" data-element_type=\"section\" data-e-type=\"section\">\n\t\t\t\t\t\t<div class=\"elementor-container elementor-column-gap-default\">\n\t\t\t\t\t<div class=\"elementor-column elementor-col-100 elementor-top-column elementor-element elementor-element-4f3c22b9\" data-id=\"4f3c22b9\" data-element_type=\"column\" data-e-type=\"column\">\n\t\t\t<div class=\"elementor-widget-wrap elementor-element-populated\">\n\t\t\t\t\t\t<div class=\"elementor-element elementor-element-e8cfa9b elementor-widget elementor-widget-wpforms\" data-id=\"e8cfa9b\" data-element_type=\"widget\" data-e-type=\"widget\" data-widget_type=\"wpforms.default\">\n\t\t\t\t<div class=\"elementor-widget-container\">\n\t\t\t\t\t<div class=\"wpforms-container wpforms-container-full wpforms-render-modern\" id=\"wpforms-775\"><form id=\"wpforms-form-775\" class=\"wpforms-validate wpforms-form wpforms-ajax-form\" data-formid=\"775\" method=\"post\" enctype=\"multipart\/form-data\" action=\"\/es\/wp-json\/wp\/v2\/pages\/2868\" data-token=\"780af94d8cf60bbf8a450ad423d4ef36\" data-token-time=\"1776350780\"><noscript class=\"wpforms-error-noscript\">Por favor, activa JavaScript en tu navegador para completar este formulario.<\/noscript><div id=\"wpforms-error-noscript\" style=\"display: none;\">Por favor, activa JavaScript en tu navegador para completar este formulario.<\/div><div class=\"wpforms-field-container\"><div id=\"wpforms-775-field_12-container\" class=\"wpforms-field wpforms-field-text\" data-field-id=\"12\"><label class=\"wpforms-field-label\" for=\"wpforms-775-field_12\">\u00bfQu\u00e9 quieres limpiar?<\/label><input type=\"text\" id=\"wpforms-775-field_12\" class=\"wpforms-field-medium\" name=\"wpforms[fields][12]\" aria-errormessage=\"wpforms-775-field_12-error\" ><\/div><div id=\"wpforms-775-field_13-container\" class=\"wpforms-field wpforms-field-text\" data-field-id=\"13\"><label class=\"wpforms-field-label\" for=\"wpforms-775-field_13\">\u00bfA qu\u00e9 veh\u00edculo quieres acoplarlo?<\/label><input type=\"text\" id=\"wpforms-775-field_13\" class=\"wpforms-field-medium\" name=\"wpforms[fields][13]\" aria-errormessage=\"wpforms-775-field_13-error\" aria-describedby=\"wpforms-775-field_13-description\" ><div id=\"wpforms-775-field_13-description\" class=\"wpforms-field-description\">Anote el tipo de veh\u00edculo al que desea acoplar la m\u00e1quina, insertando el modelo o las referencias que den las dimensiones del veh\u00edculo, para poder asesorarle con mayor precisi\u00f3n. \n<\/div><\/div><div id=\"wpforms-775-field_14-container\" class=\"wpforms-field wpforms-field-radio wpforms-list-3-columns\" data-field-id=\"14\"><fieldset><legend class=\"wpforms-field-label\">\u00bfQu\u00e9 modelo necesita?<\/legend><ul id=\"wpforms-775-field_14\" class=\"wpforms-image-choices wpforms-image-choices-modern\"><li class=\"choice-1 depth-1 wpforms-image-choices-item\"><label class=\"wpforms-field-label-inline\" for=\"wpforms-775-field_14_1\" tabindex=\"0\"><span class=\"wpforms-image-choices-image\"><img decoding=\"async\" src=\"https:\/\/italcleaneurope.it\/wp-content\/uploads\/2023\/07\/8.png\" alt=\"SPT120\" title=\"SPT120\"><\/span><input type=\"radio\" id=\"wpforms-775-field_14_1\" class=\"wpforms-screen-reader-element\" name=\"wpforms[fields][14]\" value=\"SPT120\" aria-errormessage=\"wpforms-775-field_14_1-error\" tabindex=\"-1\"  ><span class=\"wpforms-image-choices-label\">SPT120<\/span><\/label><\/li><li class=\"choice-2 depth-1 wpforms-image-choices-item\"><label class=\"wpforms-field-label-inline\" for=\"wpforms-775-field_14_2\" tabindex=\"0\"><span class=\"wpforms-image-choices-image\"><img decoding=\"async\" src=\"https:\/\/italcleaneurope.it\/wp-content\/uploads\/2023\/07\/7.png\" alt=\"SPT75\" title=\"SPT75\"><\/span><input type=\"radio\" id=\"wpforms-775-field_14_2\" class=\"wpforms-screen-reader-element\" name=\"wpforms[fields][14]\" value=\"SPT75\" aria-errormessage=\"wpforms-775-field_14_2-error\" tabindex=\"-1\"  ><span class=\"wpforms-image-choices-label\">SPT75<\/span><\/label><\/li><li class=\"choice-3 depth-1 wpforms-image-choices-item\"><label class=\"wpforms-field-label-inline\" for=\"wpforms-775-field_14_3\" tabindex=\"0\"><span class=\"wpforms-image-choices-image\"><img decoding=\"async\" src=\"https:\/\/italcleaneurope.it\/wp-content\/uploads\/2023\/07\/9.png\" alt=\"SETOLONE\" title=\"SETOLONE\"><\/span><input type=\"radio\" id=\"wpforms-775-field_14_3\" class=\"wpforms-screen-reader-element\" name=\"wpforms[fields][14]\" value=\"SETOLONE\" aria-errormessage=\"wpforms-775-field_14_3-error\" tabindex=\"-1\"  ><span class=\"wpforms-image-choices-label\">SETOLONE<\/span><\/label><\/li><li class=\"choice-4 depth-1 wpforms-image-choices-item\"><label class=\"wpforms-field-label-inline\" for=\"wpforms-775-field_14_4\" tabindex=\"0\"><span class=\"wpforms-image-choices-image\"><img decoding=\"async\" src=\"https:\/\/italcleaneurope.it\/wp-content\/uploads\/2023\/09\/sp-or.png\" alt=\"SP-OR\" title=\"SP-OR\"><\/span><input type=\"radio\" id=\"wpforms-775-field_14_4\" class=\"wpforms-screen-reader-element\" name=\"wpforms[fields][14]\" value=\"SP-OR\" aria-errormessage=\"wpforms-775-field_14_4-error\" tabindex=\"-1\"  ><span class=\"wpforms-image-choices-label\">SP-OR<\/span><\/label><\/li><li class=\"choice-6 depth-1 wpforms-image-choices-item\"><label class=\"wpforms-field-label-inline\" for=\"wpforms-775-field_14_6\" tabindex=\"0\"><span class=\"wpforms-image-choices-image\"><img decoding=\"async\" src=\"https:\/\/italcleaneurope.it\/wp-content\/uploads\/2024\/03\/2square_italclean.png\" alt=\"SP-VE\" title=\"SP-VE\"><\/span><input type=\"radio\" id=\"wpforms-775-field_14_6\" class=\"wpforms-screen-reader-element\" name=\"wpforms[fields][14]\" value=\"SP-VE\" aria-errormessage=\"wpforms-775-field_14_6-error\" tabindex=\"-1\"  ><span class=\"wpforms-image-choices-label\">SP-VE<\/span><\/label><\/li><li class=\"choice-5 depth-1 wpforms-image-choices-item\"><label class=\"wpforms-field-label-inline\" for=\"wpforms-775-field_14_5\" tabindex=\"0\"><span class=\"wpforms-image-choices-image\"><img decoding=\"async\" src=\"https:\/\/italcleaneurope.it\/wp-content\/uploads\/2023\/06\/primitive-professional.png\" alt=\"Profesional primitivo\" title=\"Profesional primitivo\"><\/span><input type=\"radio\" id=\"wpforms-775-field_14_5\" class=\"wpforms-screen-reader-element\" name=\"wpforms[fields][14]\" value=\"Profesional primitivo\" aria-errormessage=\"wpforms-775-field_14_5-error\" tabindex=\"-1\"  ><span class=\"wpforms-image-choices-label\">Profesional primitivo<\/span><\/label><\/li><\/ul><\/fieldset><\/div><div id=\"wpforms-775-field_5-container\" class=\"wpforms-field wpforms-field-checkbox\" data-field-id=\"5\"><fieldset><legend class=\"wpforms-field-label\">Conducir  <\/legend><ul id=\"wpforms-775-field_5\"><li class=\"choice-2 depth-1\"><input type=\"checkbox\" id=\"wpforms-775-field_5_2\" name=\"wpforms[fields][5][]\" value=\"Mec\u00e1nico\" aria-errormessage=\"wpforms-775-field_5_2-error\" aria-describedby=\"wpforms-775-field_5-description\"  ><label class=\"wpforms-field-label-inline\" for=\"wpforms-775-field_5_2\">Mec\u00e1nico<\/label><\/li><li class=\"choice-3 depth-1\"><input type=\"checkbox\" id=\"wpforms-775-field_5_3\" name=\"wpforms[fields][5][]\" value=\"Fontanero\" aria-errormessage=\"wpforms-775-field_5_3-error\" aria-describedby=\"wpforms-775-field_5-description\"  ><label class=\"wpforms-field-label-inline\" for=\"wpforms-775-field_5_3\">Fontanero<\/label><\/li><\/ul><div id=\"wpforms-775-field_5-description\" class=\"wpforms-field-description\">ADVERTENCIA: SI ELIGE BRISTOL, IGNORE ESTA OPCI\u00d3N.<\/div><\/fieldset><\/div><div id=\"wpforms-775-field_0-container\" class=\"wpforms-field wpforms-field-name\" data-field-id=\"0\"><fieldset><legend class=\"wpforms-field-label\">Nombre<\/legend><div class=\"wpforms-field-row wpforms-field-medium\"><div class=\"wpforms-field-row-block wpforms-first wpforms-one-half\"><input type=\"text\" id=\"wpforms-775-field_0\" class=\"wpforms-field-name-first\" name=\"wpforms[fields][0][first]\" aria-errormessage=\"wpforms-775-field_0-error\" ><label for=\"wpforms-775-field_0\" class=\"wpforms-field-sublabel after\">Nombre<\/label><\/div><div class=\"wpforms-field-row-block wpforms-one-half\"><input type=\"text\" id=\"wpforms-775-field_0-last\" class=\"wpforms-field-name-last\" name=\"wpforms[fields][0][last]\" aria-errormessage=\"wpforms-775-field_0-last-error\" ><label for=\"wpforms-775-field_0-last\" class=\"wpforms-field-sublabel after\">Apellidos<\/label><\/div><\/div><\/fieldset><\/div><div id=\"wpforms-775-field_6-container\" class=\"wpforms-field wpforms-field-text\" data-field-id=\"6\"><label class=\"wpforms-field-label\" for=\"wpforms-775-field_6\">Nombre de la empresa <span class=\"wpforms-required-label\" aria-hidden=\"true\">*<\/span><\/label><input type=\"text\" id=\"wpforms-775-field_6\" class=\"wpforms-field-medium wpforms-field-required\" name=\"wpforms[fields][6]\" aria-errormessage=\"wpforms-775-field_6-error\" required><\/div><div id=\"wpforms-775-field_9-container\" class=\"wpforms-field wpforms-field-text\" data-field-id=\"9\"><label class=\"wpforms-field-label\" for=\"wpforms-775-field_9\">Sede social<\/label><input type=\"text\" id=\"wpforms-775-field_9\" class=\"wpforms-field-medium\" name=\"wpforms[fields][9]\" aria-errormessage=\"wpforms-775-field_9-error\" aria-describedby=\"wpforms-775-field_9-description\" ><div id=\"wpforms-775-field_9-description\" class=\"wpforms-field-description\">Indique la ciudad y la direcci\u00f3n completa <\/div><\/div><div id=\"wpforms-775-field_10-container\" class=\"wpforms-field wpforms-field-number\" data-field-id=\"10\"><label class=\"wpforms-field-label\" for=\"wpforms-775-field_10\">N\u00famero de tel\u00e9fono <span class=\"wpforms-required-label\" aria-hidden=\"true\">*<\/span><\/label><input type=\"number\" id=\"wpforms-775-field_10\" class=\"wpforms-field-medium wpforms-field-required\" name=\"wpforms[fields][10]\" step=\"any\" aria-errormessage=\"wpforms-775-field_10-error\" required><\/div><div id=\"wpforms-775-field_1-container\" class=\"wpforms-field wpforms-field-email\" data-field-id=\"1\"><label class=\"wpforms-field-label\" for=\"wpforms-775-field_1\">Correo electr\u00f3nico <span class=\"wpforms-required-label\" aria-hidden=\"true\">*<\/span><\/label><input type=\"email\" id=\"wpforms-775-field_1\" class=\"wpforms-field-medium wpforms-field-required\" name=\"wpforms[fields][1]\" spellcheck=\"false\" aria-errormessage=\"wpforms-775-field_1-error\" required><\/div><div id=\"wpforms-775-field_2-container\" class=\"wpforms-field wpforms-field-textarea\" data-field-id=\"2\"><label class=\"wpforms-field-label\" for=\"wpforms-775-field_2\">Comentario o mensaje<\/label><textarea id=\"wpforms-775-field_2\" class=\"wpforms-field-medium\" name=\"wpforms[fields][2]\" aria-errormessage=\"wpforms-775-field_2-error\" ><\/textarea><\/div><div id=\"wpforms-775-field_15-container\" class=\"wpforms-field wpforms-field-checkbox\" data-field-id=\"15\"><fieldset><legend class=\"wpforms-field-label\">Privacidad <span class=\"wpforms-required-label\" aria-hidden=\"true\">*<\/span><\/legend><ul id=\"wpforms-775-field_15\" class=\"wpforms-field-required\"><li class=\"choice-1 depth-1\"><input type=\"checkbox\" id=\"wpforms-775-field_15_1\" name=\"wpforms[fields][15][]\" value=\"Autorizo el tratamiento de mis datos personales de conformidad con la legislaci\u00f3n vigente. &lt;a href=&quot;https:\/\/italcleaneurope.it\/es\/privacidad\/&quot; target=&quot;blank&quot;&gt;Privacidad&lt;\/a&gt;\" aria-errormessage=\"wpforms-775-field_15_1-error\" required ><label class=\"wpforms-field-label-inline\" for=\"wpforms-775-field_15_1\">Autorizo el tratamiento de mis datos personales de conformidad con la legislaci\u00f3n vigente. <a href=\"https:\/\/italcleaneurope.it\/es\/privacidad\/\" target=\"blank\">Privacidad<\/a><\/label><\/li><\/ul><\/fieldset><\/div><\/div><!-- .wpforms-field-container --><div class=\"wpforms-recaptcha-container wpforms-is-recaptcha wpforms-is-recaptcha-type-v3\" ><input type=\"hidden\" name=\"wpforms[recaptcha]\" value=\"\"><\/div><div class=\"wpforms-submit-container\" ><input type=\"hidden\" name=\"wpforms[id]\" value=\"775\"><input type=\"hidden\" name=\"page_title\" value=\"\"><input type=\"hidden\" name=\"page_url\" value=\"https:\/\/italcleaneurope.it\/es\/wp-json\/wp\/v2\/pages\/2868\"><input type=\"hidden\" name=\"url_referer\" value=\"\"><button type=\"submit\" name=\"wpforms[submit]\" id=\"wpforms-submit-775\" class=\"wpforms-submit\" data-alt-text=\"Enviando...\" data-submit-text=\"Enviar\" aria-live=\"assertive\" value=\"wpforms-submit\">Enviar<\/button><img decoding=\"async\" src=\"https:\/\/italcleaneurope.it\/wp-content\/plugins\/wpforms-lite\/assets\/images\/submit-spin.svg\" class=\"wpforms-submit-spinner\" style=\"display: none;\" width=\"26\" height=\"26\" alt=\"Cargando\"><\/div><\/form><\/div>  <!-- .wpforms-container -->\t\t\t\t<\/div>\n\t\t\t\t<\/div>\n\t\t\t\t\t<\/div>\n\t\t<\/div>\n\t\t\t\t\t<\/div>\n\t\t<\/section>\n\t\t\t\t<\/div>\n\t\t","protected":false},"excerpt":{"rendered":"<p>Solicitud de presupuesto Cepilladoras Abilita JavaScript nel browser per completare questo modulo.Abilita JavaScript nel browser per completare questo modulo.Cosa vuoi pulire ?A quale mezzo vuoi attaccarla ?Scrivere il tipo di mezzo al quale si vuole attaccare il macchinario, inserendo il modello o dei riferimenti che facciano capire le dimensioni del veicolo, cos\u00ec da poter fornire [&hellip;]<\/p>\n","protected":false},"author":1,"featured_media":0,"parent":0,"menu_order":0,"comment_status":"closed","ping_status":"closed","template":"elementor_header_footer","meta":{"_acf_changed":false,"footnotes":""},"class_list":["post-2868","page","type-page","status-publish","hentry"],"acf":[],"yoast_head":"<!-- This site is optimized with the Yoast SEO plugin v27.4 - https:\/\/yoast.com\/product\/yoast-seo-wordpress\/ -->\n<title>Citar cepillos - Italclean Europe | La pulizia dove serve e quando serve<\/title>\n<meta name=\"description\" content=\"Citar cepillos - Italclean Europe: Leader nella vendita di macchine per la pulizia industriale, offre soluzioni innovative e di alta qualit\u00e0 per soddisfare tutte le esigenze di igiene professionale. Scopri la nostra gamma di prodotti avanzati e affidabili per una pulizia efficiente e sicura.\" \/>\n<meta name=\"robots\" content=\"index, follow, max-snippet:-1, max-image-preview:large, max-video-preview:-1\" \/>\n<link rel=\"canonical\" href=\"https:\/\/italcleaneurope.it\/es\/citar-cepillos\/\" \/>\n<meta property=\"og:locale\" content=\"es_ES\" \/>\n<meta property=\"og:type\" content=\"article\" \/>\n<meta property=\"og:title\" content=\"Citar cepillos - Italclean Europe | La pulizia dove serve e quando serve\" \/>\n<meta property=\"og:description\" content=\"Citar cepillos - Italclean Europe: Leader nella vendita di macchine per la pulizia industriale, offre soluzioni innovative e di alta qualit\u00e0 per soddisfare tutte le esigenze di igiene professionale. Scopri la nostra gamma di prodotti avanzati e affidabili per una pulizia efficiente e sicura.\" \/>\n<meta property=\"og:url\" content=\"https:\/\/italcleaneurope.it\/es\/citar-cepillos\/\" \/>\n<meta property=\"og:site_name\" content=\"Italclean Europe | La pulizia dove serve e quando serve\" \/>\n<meta property=\"article:modified_time\" content=\"2023-10-27T19:59:29+00:00\" \/>\n<meta property=\"og:image\" content=\"https:\/\/italcleaneurope.it\/wp-content\/uploads\/2023\/07\/8.png\" \/>\n<meta name=\"twitter:card\" content=\"summary_large_image\" \/>\n<meta name=\"twitter:label1\" content=\"Tiempo de lectura\" \/>\n\t<meta name=\"twitter:data1\" content=\"1 minuto\" \/>\n<script type=\"application\/ld+json\" class=\"yoast-schema-graph\">{\"@context\":\"https:\\\/\\\/schema.org\",\"@graph\":[{\"@type\":\"WebPage\",\"@id\":\"https:\\\/\\\/italcleaneurope.it\\\/es\\\/citar-cepillos\\\/\",\"url\":\"https:\\\/\\\/italcleaneurope.it\\\/es\\\/citar-cepillos\\\/\",\"name\":\"Citar cepillos - Italclean Europe | La pulizia dove serve e quando serve\",\"isPartOf\":{\"@id\":\"https:\\\/\\\/italcleaneurope.it\\\/es\\\/#website\"},\"primaryImageOfPage\":{\"@id\":\"https:\\\/\\\/italcleaneurope.it\\\/es\\\/citar-cepillos\\\/#primaryimage\"},\"image\":{\"@id\":\"https:\\\/\\\/italcleaneurope.it\\\/es\\\/citar-cepillos\\\/#primaryimage\"},\"thumbnailUrl\":\"https:\\\/\\\/italcleaneurope.it\\\/wp-content\\\/uploads\\\/2023\\\/07\\\/8.png\",\"datePublished\":\"2023-07-06T06:41:00+00:00\",\"dateModified\":\"2023-10-27T19:59:29+00:00\",\"description\":\"Citar cepillos - Italclean Europe: Leader nella vendita di macchine per la pulizia industriale, offre soluzioni innovative e di alta qualit\u00e0 per soddisfare tutte le esigenze di igiene professionale. Scopri la nostra gamma di prodotti avanzati e affidabili per una pulizia efficiente e sicura.\",\"breadcrumb\":{\"@id\":\"https:\\\/\\\/italcleaneurope.it\\\/es\\\/citar-cepillos\\\/#breadcrumb\"},\"inLanguage\":\"es\",\"potentialAction\":[{\"@type\":\"ReadAction\",\"target\":[\"https:\\\/\\\/italcleaneurope.it\\\/es\\\/citar-cepillos\\\/\"]}]},{\"@type\":\"ImageObject\",\"inLanguage\":\"es\",\"@id\":\"https:\\\/\\\/italcleaneurope.it\\\/es\\\/citar-cepillos\\\/#primaryimage\",\"url\":\"https:\\\/\\\/italcleaneurope.it\\\/wp-content\\\/uploads\\\/2023\\\/07\\\/8.png\",\"contentUrl\":\"https:\\\/\\\/italcleaneurope.it\\\/wp-content\\\/uploads\\\/2023\\\/07\\\/8.png\"},{\"@type\":\"BreadcrumbList\",\"@id\":\"https:\\\/\\\/italcleaneurope.it\\\/es\\\/citar-cepillos\\\/#breadcrumb\",\"itemListElement\":[{\"@type\":\"ListItem\",\"position\":1,\"name\":\"Home\",\"item\":\"https:\\\/\\\/italcleaneurope.it\\\/es\\\/inicio\\\/\"},{\"@type\":\"ListItem\",\"position\":2,\"name\":\"Citar cepillos\"}]},{\"@type\":\"WebSite\",\"@id\":\"https:\\\/\\\/italcleaneurope.it\\\/es\\\/#website\",\"url\":\"https:\\\/\\\/italcleaneurope.it\\\/es\\\/\",\"name\":\"Italclean Europe | La pulizia dove serve e quando serve\",\"description\":\"Macchine per la pulizia industriale con oltre 300 tipi di applicazione per aereoporti, industrie, aziende agricole, enti pubblici.\",\"publisher\":{\"@id\":\"https:\\\/\\\/italcleaneurope.it\\\/es\\\/#organization\"},\"alternateName\":\"Italcleaneurope\",\"potentialAction\":[{\"@type\":\"SearchAction\",\"target\":{\"@type\":\"EntryPoint\",\"urlTemplate\":\"https:\\\/\\\/italcleaneurope.it\\\/es\\\/?s={search_term_string}\"},\"query-input\":{\"@type\":\"PropertyValueSpecification\",\"valueRequired\":true,\"valueName\":\"search_term_string\"}}],\"inLanguage\":\"es\"},{\"@type\":\"Organization\",\"@id\":\"https:\\\/\\\/italcleaneurope.it\\\/es\\\/#organization\",\"name\":\"Italclean europe srl\",\"alternateName\":\"Italclean\",\"url\":\"https:\\\/\\\/italcleaneurope.it\\\/es\\\/\",\"logo\":{\"@type\":\"ImageObject\",\"inLanguage\":\"es\",\"@id\":\"https:\\\/\\\/italcleaneurope.it\\\/es\\\/#\\\/schema\\\/logo\\\/image\\\/\",\"url\":\"https:\\\/\\\/italcleaneurope.it\\\/wp-content\\\/uploads\\\/2023\\\/05\\\/logo_italclean.jpg\",\"contentUrl\":\"https:\\\/\\\/italcleaneurope.it\\\/wp-content\\\/uploads\\\/2023\\\/05\\\/logo_italclean.jpg\",\"width\":1385,\"height\":586,\"caption\":\"Italclean europe srl\"},\"image\":{\"@id\":\"https:\\\/\\\/italcleaneurope.it\\\/es\\\/#\\\/schema\\\/logo\\\/image\\\/\"}}]}<\/script>\n<!-- \/ Yoast SEO plugin. -->","yoast_head_json":{"title":"Citar cepillos - Italclean Europe | La pulizia dove serve e quando serve","description":"Citar cepillos - Italclean Europe: Leader nella vendita di macchine per la pulizia industriale, offre soluzioni innovative e di alta qualit\u00e0 per soddisfare tutte le esigenze di igiene professionale. Scopri la nostra gamma di prodotti avanzati e affidabili per una pulizia efficiente e sicura.","robots":{"index":"index","follow":"follow","max-snippet":"max-snippet:-1","max-image-preview":"max-image-preview:large","max-video-preview":"max-video-preview:-1"},"canonical":"https:\/\/italcleaneurope.it\/es\/citar-cepillos\/","og_locale":"es_ES","og_type":"article","og_title":"Citar cepillos - Italclean Europe | La pulizia dove serve e quando serve","og_description":"Citar cepillos - Italclean Europe: Leader nella vendita di macchine per la pulizia industriale, offre soluzioni innovative e di alta qualit\u00e0 per soddisfare tutte le esigenze di igiene professionale. Scopri la nostra gamma di prodotti avanzati e affidabili per una pulizia efficiente e sicura.","og_url":"https:\/\/italcleaneurope.it\/es\/citar-cepillos\/","og_site_name":"Italclean Europe | La pulizia dove serve e quando serve","article_modified_time":"2023-10-27T19:59:29+00:00","og_image":[{"url":"https:\/\/italcleaneurope.it\/wp-content\/uploads\/2023\/07\/8.png","type":"","width":"","height":""}],"twitter_card":"summary_large_image","twitter_misc":{"Tiempo de lectura":"1 minuto"},"schema":{"@context":"https:\/\/schema.org","@graph":[{"@type":"WebPage","@id":"https:\/\/italcleaneurope.it\/es\/citar-cepillos\/","url":"https:\/\/italcleaneurope.it\/es\/citar-cepillos\/","name":"Citar cepillos - Italclean Europe | La pulizia dove serve e quando serve","isPartOf":{"@id":"https:\/\/italcleaneurope.it\/es\/#website"},"primaryImageOfPage":{"@id":"https:\/\/italcleaneurope.it\/es\/citar-cepillos\/#primaryimage"},"image":{"@id":"https:\/\/italcleaneurope.it\/es\/citar-cepillos\/#primaryimage"},"thumbnailUrl":"https:\/\/italcleaneurope.it\/wp-content\/uploads\/2023\/07\/8.png","datePublished":"2023-07-06T06:41:00+00:00","dateModified":"2023-10-27T19:59:29+00:00","description":"Citar cepillos - Italclean Europe: Leader nella vendita di macchine per la pulizia industriale, offre soluzioni innovative e di alta qualit\u00e0 per soddisfare tutte le esigenze di igiene professionale. Scopri la nostra gamma di prodotti avanzati e affidabili per una pulizia efficiente e sicura.","breadcrumb":{"@id":"https:\/\/italcleaneurope.it\/es\/citar-cepillos\/#breadcrumb"},"inLanguage":"es","potentialAction":[{"@type":"ReadAction","target":["https:\/\/italcleaneurope.it\/es\/citar-cepillos\/"]}]},{"@type":"ImageObject","inLanguage":"es","@id":"https:\/\/italcleaneurope.it\/es\/citar-cepillos\/#primaryimage","url":"https:\/\/italcleaneurope.it\/wp-content\/uploads\/2023\/07\/8.png","contentUrl":"https:\/\/italcleaneurope.it\/wp-content\/uploads\/2023\/07\/8.png"},{"@type":"BreadcrumbList","@id":"https:\/\/italcleaneurope.it\/es\/citar-cepillos\/#breadcrumb","itemListElement":[{"@type":"ListItem","position":1,"name":"Home","item":"https:\/\/italcleaneurope.it\/es\/inicio\/"},{"@type":"ListItem","position":2,"name":"Citar cepillos"}]},{"@type":"WebSite","@id":"https:\/\/italcleaneurope.it\/es\/#website","url":"https:\/\/italcleaneurope.it\/es\/","name":"Italclean Europe | La pulizia dove serve e quando serve","description":"Macchine per la pulizia industriale con oltre 300 tipi di applicazione per aereoporti, industrie, aziende agricole, enti pubblici.","publisher":{"@id":"https:\/\/italcleaneurope.it\/es\/#organization"},"alternateName":"Italcleaneurope","potentialAction":[{"@type":"SearchAction","target":{"@type":"EntryPoint","urlTemplate":"https:\/\/italcleaneurope.it\/es\/?s={search_term_string}"},"query-input":{"@type":"PropertyValueSpecification","valueRequired":true,"valueName":"search_term_string"}}],"inLanguage":"es"},{"@type":"Organization","@id":"https:\/\/italcleaneurope.it\/es\/#organization","name":"Italclean europe srl","alternateName":"Italclean","url":"https:\/\/italcleaneurope.it\/es\/","logo":{"@type":"ImageObject","inLanguage":"es","@id":"https:\/\/italcleaneurope.it\/es\/#\/schema\/logo\/image\/","url":"https:\/\/italcleaneurope.it\/wp-content\/uploads\/2023\/05\/logo_italclean.jpg","contentUrl":"https:\/\/italcleaneurope.it\/wp-content\/uploads\/2023\/05\/logo_italclean.jpg","width":1385,"height":586,"caption":"Italclean europe srl"},"image":{"@id":"https:\/\/italcleaneurope.it\/es\/#\/schema\/logo\/image\/"}}]}},"_links":{"self":[{"href":"https:\/\/italcleaneurope.it\/es\/wp-json\/wp\/v2\/pages\/2868","targetHints":{"allow":["GET"]}}],"collection":[{"href":"https:\/\/italcleaneurope.it\/es\/wp-json\/wp\/v2\/pages"}],"about":[{"href":"https:\/\/italcleaneurope.it\/es\/wp-json\/wp\/v2\/types\/page"}],"author":[{"embeddable":true,"href":"https:\/\/italcleaneurope.it\/es\/wp-json\/wp\/v2\/users\/1"}],"replies":[{"embeddable":true,"href":"https:\/\/italcleaneurope.it\/es\/wp-json\/wp\/v2\/comments?post=2868"}],"version-history":[{"count":0,"href":"https:\/\/italcleaneurope.it\/es\/wp-json\/wp\/v2\/pages\/2868\/revisions"}],"wp:attachment":[{"href":"https:\/\/italcleaneurope.it\/es\/wp-json\/wp\/v2\/media?parent=2868"}],"curies":[{"name":"wp","href":"https:\/\/api.w.org\/{rel}","templated":true}]}}