{"id":2881,"date":"2023-07-06T08:41:00","date_gmt":"2023-07-06T06:41:00","guid":{"rendered":"https:\/\/italcleaneurope.it\/brosses-a-citer\/"},"modified":"2023-10-27T21:59:19","modified_gmt":"2023-10-27T19:59:19","slug":"brosses-a-citer","status":"publish","type":"page","link":"https:\/\/italcleaneurope.it\/fr\/brosses-a-citer\/","title":{"rendered":"Brosses \u00e0 citer"},"content":{"rendered":"\t\t<div data-elementor-type=\"wp-page\" data-elementor-id=\"2881\" class=\"elementor elementor-2881 elementor-684\" data-elementor-post-type=\"page\">\n\t\t\t\t\t\t<section class=\"elementor-section elementor-top-section elementor-element elementor-element-1ccbf1db elementor-section-boxed elementor-section-height-default elementor-section-height-default\" data-id=\"1ccbf1db\" data-element_type=\"section\" data-e-type=\"section\" data-settings=\"{&quot;background_background&quot;:&quot;classic&quot;}\">\n\t\t\t\t\t\t<div class=\"elementor-container elementor-column-gap-default\">\n\t\t\t\t\t<div class=\"elementor-column elementor-col-100 elementor-top-column elementor-element elementor-element-78d4d03e\" data-id=\"78d4d03e\" data-element_type=\"column\" data-e-type=\"column\">\n\t\t\t<div class=\"elementor-widget-wrap elementor-element-populated\">\n\t\t\t\t\t\t<div class=\"elementor-element elementor-element-60977768 elementor-widget elementor-widget-heading\" data-id=\"60977768\" data-element_type=\"widget\" data-e-type=\"widget\" data-widget_type=\"heading.default\">\n\t\t\t\t<div class=\"elementor-widget-container\">\n\t\t\t\t\t<h1 class=\"elementor-heading-title elementor-size-default\">Demande de devis Brosses<\/h1>\t\t\t\t<\/div>\n\t\t\t\t<\/div>\n\t\t\t\t\t<\/div>\n\t\t<\/div>\n\t\t\t\t\t<\/div>\n\t\t<\/section>\n\t\t\t\t<section class=\"elementor-section elementor-top-section elementor-element elementor-element-4f48376 elementor-section-boxed elementor-section-height-default elementor-section-height-default\" data-id=\"4f48376\" data-element_type=\"section\" data-e-type=\"section\">\n\t\t\t\t\t\t<div class=\"elementor-container elementor-column-gap-default\">\n\t\t\t\t\t<div class=\"elementor-column elementor-col-100 elementor-top-column elementor-element elementor-element-4f3c22b9\" data-id=\"4f3c22b9\" data-element_type=\"column\" data-e-type=\"column\">\n\t\t\t<div class=\"elementor-widget-wrap elementor-element-populated\">\n\t\t\t\t\t\t<div class=\"elementor-element elementor-element-e8cfa9b elementor-widget elementor-widget-wpforms\" data-id=\"e8cfa9b\" data-element_type=\"widget\" data-e-type=\"widget\" data-widget_type=\"wpforms.default\">\n\t\t\t\t<div class=\"elementor-widget-container\">\n\t\t\t\t\t<div class=\"wpforms-container wpforms-container-full wpforms-render-modern\" id=\"wpforms-775\"><form id=\"wpforms-form-775\" class=\"wpforms-validate wpforms-form wpforms-ajax-form\" data-formid=\"775\" method=\"post\" enctype=\"multipart\/form-data\" action=\"\/fr\/wp-json\/wp\/v2\/pages\/2881\" data-token=\"780af94d8cf60bbf8a450ad423d4ef36\" data-token-time=\"1776352374\"><noscript class=\"wpforms-error-noscript\">Veuillez activer JavaScript dans votre navigateur pour remplir ce formulaire.<\/noscript><div id=\"wpforms-error-noscript\" style=\"display: none;\">Veuillez activer JavaScript dans votre navigateur pour remplir ce formulaire.<\/div><div class=\"wpforms-field-container\"><div id=\"wpforms-775-field_12-container\" class=\"wpforms-field wpforms-field-text\" data-field-id=\"12\"><label class=\"wpforms-field-label\" for=\"wpforms-775-field_12\">Que voulez-vous nettoyer ?<\/label><input type=\"text\" id=\"wpforms-775-field_12\" class=\"wpforms-field-medium\" name=\"wpforms[fields][12]\" aria-errormessage=\"wpforms-775-field_12-error\" ><\/div><div id=\"wpforms-775-field_13-container\" class=\"wpforms-field wpforms-field-text\" data-field-id=\"13\"><label class=\"wpforms-field-label\" for=\"wpforms-775-field_13\">\u00c0 quel v\u00e9hicule voulez-vous l&#039;attacher ?<\/label><input type=\"text\" id=\"wpforms-775-field_13\" class=\"wpforms-field-medium\" name=\"wpforms[fields][13]\" aria-errormessage=\"wpforms-775-field_13-error\" aria-describedby=\"wpforms-775-field_13-description\" ><div id=\"wpforms-775-field_13-description\" class=\"wpforms-field-description\">Notez le type de v\u00e9hicule sur lequel vous souhaitez fixer la machine, en ins\u00e9rant le mod\u00e8le ou les r\u00e9f\u00e9rences qui donnent les dimensions du v\u00e9hicule, afin de pouvoir fournir des conseils plus pr\u00e9cis. \n<\/div><\/div><div id=\"wpforms-775-field_14-container\" class=\"wpforms-field wpforms-field-radio wpforms-list-3-columns\" data-field-id=\"14\"><fieldset><legend class=\"wpforms-field-label\">De quel mod\u00e8le avez-vous besoin ?<\/legend><ul id=\"wpforms-775-field_14\" class=\"wpforms-image-choices wpforms-image-choices-modern\"><li class=\"choice-1 depth-1 wpforms-image-choices-item\"><label class=\"wpforms-field-label-inline\" for=\"wpforms-775-field_14_1\" tabindex=\"0\"><span class=\"wpforms-image-choices-image\"><img decoding=\"async\" src=\"https:\/\/italcleaneurope.it\/wp-content\/uploads\/2023\/07\/8.png\" alt=\"SPT120\" title=\"SPT120\"><\/span><input type=\"radio\" id=\"wpforms-775-field_14_1\" class=\"wpforms-screen-reader-element\" name=\"wpforms[fields][14]\" value=\"SPT120\" aria-errormessage=\"wpforms-775-field_14_1-error\" tabindex=\"-1\"  ><span class=\"wpforms-image-choices-label\">SPT120<\/span><\/label><\/li><li class=\"choice-2 depth-1 wpforms-image-choices-item\"><label class=\"wpforms-field-label-inline\" for=\"wpforms-775-field_14_2\" tabindex=\"0\"><span class=\"wpforms-image-choices-image\"><img decoding=\"async\" src=\"https:\/\/italcleaneurope.it\/wp-content\/uploads\/2023\/07\/7.png\" alt=\"SPT75\" title=\"SPT75\"><\/span><input type=\"radio\" id=\"wpforms-775-field_14_2\" class=\"wpforms-screen-reader-element\" name=\"wpforms[fields][14]\" value=\"SPT75\" aria-errormessage=\"wpforms-775-field_14_2-error\" tabindex=\"-1\"  ><span class=\"wpforms-image-choices-label\">SPT75<\/span><\/label><\/li><li class=\"choice-3 depth-1 wpforms-image-choices-item\"><label class=\"wpforms-field-label-inline\" for=\"wpforms-775-field_14_3\" tabindex=\"0\"><span class=\"wpforms-image-choices-image\"><img decoding=\"async\" src=\"https:\/\/italcleaneurope.it\/wp-content\/uploads\/2023\/07\/9.png\" alt=\"SETOLONE\" title=\"SETOLONE\"><\/span><input type=\"radio\" id=\"wpforms-775-field_14_3\" class=\"wpforms-screen-reader-element\" name=\"wpforms[fields][14]\" value=\"SETOLONE\" aria-errormessage=\"wpforms-775-field_14_3-error\" tabindex=\"-1\"  ><span class=\"wpforms-image-choices-label\">SETOLONE<\/span><\/label><\/li><li class=\"choice-4 depth-1 wpforms-image-choices-item\"><label class=\"wpforms-field-label-inline\" for=\"wpforms-775-field_14_4\" tabindex=\"0\"><span class=\"wpforms-image-choices-image\"><img decoding=\"async\" src=\"https:\/\/italcleaneurope.it\/wp-content\/uploads\/2023\/09\/sp-or.png\" alt=\"SP-OR\" title=\"SP-OR\"><\/span><input type=\"radio\" id=\"wpforms-775-field_14_4\" class=\"wpforms-screen-reader-element\" name=\"wpforms[fields][14]\" value=\"SP-OR\" aria-errormessage=\"wpforms-775-field_14_4-error\" tabindex=\"-1\"  ><span class=\"wpforms-image-choices-label\">SP-OR<\/span><\/label><\/li><li class=\"choice-6 depth-1 wpforms-image-choices-item\"><label class=\"wpforms-field-label-inline\" for=\"wpforms-775-field_14_6\" tabindex=\"0\"><span class=\"wpforms-image-choices-image\"><img decoding=\"async\" src=\"https:\/\/italcleaneurope.it\/wp-content\/uploads\/2024\/03\/2square_italclean.png\" alt=\"SP-VE\" title=\"SP-VE\"><\/span><input type=\"radio\" id=\"wpforms-775-field_14_6\" class=\"wpforms-screen-reader-element\" name=\"wpforms[fields][14]\" value=\"SP-VE\" aria-errormessage=\"wpforms-775-field_14_6-error\" tabindex=\"-1\"  ><span class=\"wpforms-image-choices-label\">SP-VE<\/span><\/label><\/li><li class=\"choice-5 depth-1 wpforms-image-choices-item\"><label class=\"wpforms-field-label-inline\" for=\"wpforms-775-field_14_5\" tabindex=\"0\"><span class=\"wpforms-image-choices-image\"><img decoding=\"async\" src=\"https:\/\/italcleaneurope.it\/wp-content\/uploads\/2023\/06\/primitive-professional.png\" alt=\"Professionnel primitif\" title=\"Professionnel primitif\"><\/span><input type=\"radio\" id=\"wpforms-775-field_14_5\" class=\"wpforms-screen-reader-element\" name=\"wpforms[fields][14]\" value=\"Professionnel primitif\" aria-errormessage=\"wpforms-775-field_14_5-error\" tabindex=\"-1\"  ><span class=\"wpforms-image-choices-label\">Professionnel primitif<\/span><\/label><\/li><\/ul><\/fieldset><\/div><div id=\"wpforms-775-field_5-container\" class=\"wpforms-field wpforms-field-checkbox\" data-field-id=\"5\"><fieldset><legend class=\"wpforms-field-label\">Conduire <\/legend><ul id=\"wpforms-775-field_5\"><li class=\"choice-2 depth-1\"><input type=\"checkbox\" id=\"wpforms-775-field_5_2\" name=\"wpforms[fields][5][]\" value=\"M\u00e9canicien\" aria-errormessage=\"wpforms-775-field_5_2-error\" aria-describedby=\"wpforms-775-field_5-description\"  ><label class=\"wpforms-field-label-inline\" for=\"wpforms-775-field_5_2\">M\u00e9canicien<\/label><\/li><li class=\"choice-3 depth-1\"><input type=\"checkbox\" id=\"wpforms-775-field_5_3\" name=\"wpforms[fields][5][]\" value=\"Plombier\" aria-errormessage=\"wpforms-775-field_5_3-error\" aria-describedby=\"wpforms-775-field_5-description\"  ><label class=\"wpforms-field-label-inline\" for=\"wpforms-775-field_5_3\">Plombier<\/label><\/li><\/ul><div id=\"wpforms-775-field_5-description\" class=\"wpforms-field-description\">AVERTISSEMENT : SI VOUS CHOISISSEZ BRISTOL, IGNOREZ CE CHOIX.<\/div><\/fieldset><\/div><div id=\"wpforms-775-field_0-container\" class=\"wpforms-field wpforms-field-name\" data-field-id=\"0\"><fieldset><legend class=\"wpforms-field-label\">Nom<\/legend><div class=\"wpforms-field-row wpforms-field-medium\"><div class=\"wpforms-field-row-block wpforms-first wpforms-one-half\"><input type=\"text\" id=\"wpforms-775-field_0\" class=\"wpforms-field-name-first\" name=\"wpforms[fields][0][first]\" aria-errormessage=\"wpforms-775-field_0-error\" ><label for=\"wpforms-775-field_0\" class=\"wpforms-field-sublabel after\">Pr\u00e9nom<\/label><\/div><div class=\"wpforms-field-row-block wpforms-one-half\"><input type=\"text\" id=\"wpforms-775-field_0-last\" class=\"wpforms-field-name-last\" name=\"wpforms[fields][0][last]\" aria-errormessage=\"wpforms-775-field_0-last-error\" ><label for=\"wpforms-775-field_0-last\" class=\"wpforms-field-sublabel after\">Nom<\/label><\/div><\/div><\/fieldset><\/div><div id=\"wpforms-775-field_6-container\" class=\"wpforms-field wpforms-field-text\" data-field-id=\"6\"><label class=\"wpforms-field-label\" for=\"wpforms-775-field_6\">Nom de l&#039;entreprise <span class=\"wpforms-required-label\" aria-hidden=\"true\">*<\/span><\/label><input type=\"text\" id=\"wpforms-775-field_6\" class=\"wpforms-field-medium wpforms-field-required\" name=\"wpforms[fields][6]\" aria-errormessage=\"wpforms-775-field_6-error\" required><\/div><div id=\"wpforms-775-field_9-container\" class=\"wpforms-field wpforms-field-text\" data-field-id=\"9\"><label class=\"wpforms-field-label\" for=\"wpforms-775-field_9\">Si\u00e8ge social<\/label><input type=\"text\" id=\"wpforms-775-field_9\" class=\"wpforms-field-medium\" name=\"wpforms[fields][9]\" aria-errormessage=\"wpforms-775-field_9-error\" aria-describedby=\"wpforms-775-field_9-description\" ><div id=\"wpforms-775-field_9-description\" class=\"wpforms-field-description\">Indiquer la ville et l'adresse compl\u00e8te <\/div><\/div><div id=\"wpforms-775-field_10-container\" class=\"wpforms-field wpforms-field-number\" data-field-id=\"10\"><label class=\"wpforms-field-label\" for=\"wpforms-775-field_10\">Num\u00e9ro de t\u00e9l\u00e9phone <span class=\"wpforms-required-label\" aria-hidden=\"true\">*<\/span><\/label><input type=\"number\" id=\"wpforms-775-field_10\" class=\"wpforms-field-medium wpforms-field-required\" name=\"wpforms[fields][10]\" step=\"any\" aria-errormessage=\"wpforms-775-field_10-error\" required><\/div><div id=\"wpforms-775-field_1-container\" class=\"wpforms-field wpforms-field-email\" data-field-id=\"1\"><label class=\"wpforms-field-label\" for=\"wpforms-775-field_1\">Courriel <span class=\"wpforms-required-label\" aria-hidden=\"true\">*<\/span><\/label><input type=\"email\" id=\"wpforms-775-field_1\" class=\"wpforms-field-medium wpforms-field-required\" name=\"wpforms[fields][1]\" spellcheck=\"false\" aria-errormessage=\"wpforms-775-field_1-error\" required><\/div><div id=\"wpforms-775-field_2-container\" class=\"wpforms-field wpforms-field-textarea\" data-field-id=\"2\"><label class=\"wpforms-field-label\" for=\"wpforms-775-field_2\">Commentaire ou message<\/label><textarea id=\"wpforms-775-field_2\" class=\"wpforms-field-medium\" name=\"wpforms[fields][2]\" aria-errormessage=\"wpforms-775-field_2-error\" ><\/textarea><\/div><div id=\"wpforms-775-field_15-container\" class=\"wpforms-field wpforms-field-checkbox\" data-field-id=\"15\"><fieldset><legend class=\"wpforms-field-label\">Vie priv\u00e9e <span class=\"wpforms-required-label\" aria-hidden=\"true\">*<\/span><\/legend><ul id=\"wpforms-775-field_15\" class=\"wpforms-field-required\"><li class=\"choice-1 depth-1\"><input type=\"checkbox\" id=\"wpforms-775-field_15_1\" name=\"wpforms[fields][15][]\" value=\"Je consens au traitement de mes donn\u00e9es personnelles conform\u00e9ment \u00e0 la l\u00e9gislation en vigueur. &lt;a href=&quot;https:\/\/italcleaneurope.it\/fr\/vie-privee\/&quot; target=&quot;blank&quot;&gt;Vie priv\u00e9e&lt;\/a&gt;\" aria-errormessage=\"wpforms-775-field_15_1-error\" required ><label class=\"wpforms-field-label-inline\" for=\"wpforms-775-field_15_1\">Je consens au traitement de mes donn\u00e9es personnelles conform\u00e9ment \u00e0 la l\u00e9gislation en vigueur. <a href=\"https:\/\/italcleaneurope.it\/fr\/vie-privee\/\" target=\"blank\">Vie priv\u00e9e<\/a><\/label><\/li><\/ul><\/fieldset><\/div><\/div><!-- .wpforms-field-container --><div class=\"wpforms-recaptcha-container wpforms-is-recaptcha wpforms-is-recaptcha-type-v3\" ><input type=\"hidden\" name=\"wpforms[recaptcha]\" value=\"\"><\/div><div class=\"wpforms-submit-container\" ><input type=\"hidden\" name=\"wpforms[id]\" value=\"775\"><input type=\"hidden\" name=\"page_title\" value=\"\"><input type=\"hidden\" name=\"page_url\" value=\"https:\/\/italcleaneurope.it\/fr\/wp-json\/wp\/v2\/pages\/2881\"><input type=\"hidden\" name=\"url_referer\" value=\"\"><button type=\"submit\" name=\"wpforms[submit]\" id=\"wpforms-submit-775\" class=\"wpforms-submit\" data-alt-text=\"Envoi...\" data-submit-text=\"Envoyer\" aria-live=\"assertive\" value=\"wpforms-submit\">Envoyer<\/button><img decoding=\"async\" src=\"https:\/\/italcleaneurope.it\/wp-content\/plugins\/wpforms-lite\/assets\/images\/submit-spin.svg\" class=\"wpforms-submit-spinner\" style=\"display: none;\" width=\"26\" height=\"26\" alt=\"Chargement en cours\"><\/div><\/form><\/div>  <!-- .wpforms-container -->\t\t\t\t<\/div>\n\t\t\t\t<\/div>\n\t\t\t\t\t<\/div>\n\t\t<\/div>\n\t\t\t\t\t<\/div>\n\t\t<\/section>\n\t\t\t\t<\/div>\n\t\t","protected":false},"excerpt":{"rendered":"<p>Demande de devis Brosses Abilita JavaScript nel browser per completare questo modulo.Abilita JavaScript nel browser per completare questo modulo.Cosa vuoi pulire ?A quale mezzo vuoi attaccarla ?Scrivere il tipo di mezzo al quale si vuole attaccare il macchinario, inserendo il modello o dei riferimenti che facciano capire le dimensioni del veicolo, cos\u00ec da poter fornire [&hellip;]<\/p>\n","protected":false},"author":1,"featured_media":0,"parent":0,"menu_order":0,"comment_status":"closed","ping_status":"closed","template":"elementor_header_footer","meta":{"_acf_changed":false,"footnotes":""},"class_list":["post-2881","page","type-page","status-publish","hentry"],"acf":[],"yoast_head":"<!-- This site is optimized with the Yoast SEO plugin v27.4 - https:\/\/yoast.com\/product\/yoast-seo-wordpress\/ -->\n<title>Brosses \u00e0 citer - Italclean Europe | La pulizia dove serve e quando serve<\/title>\n<meta name=\"description\" content=\"Brosses \u00e0 citer - Italclean Europe: Leader nella vendita di macchine per la pulizia industriale, offre soluzioni innovative e di alta qualit\u00e0 per soddisfare tutte le esigenze di igiene professionale. Scopri la nostra gamma di prodotti avanzati e affidabili per una pulizia efficiente e sicura.\" \/>\n<meta name=\"robots\" content=\"index, follow, max-snippet:-1, max-image-preview:large, max-video-preview:-1\" \/>\n<link rel=\"canonical\" href=\"https:\/\/italcleaneurope.it\/fr\/brosses-a-citer\/\" \/>\n<meta property=\"og:locale\" content=\"fr_FR\" \/>\n<meta property=\"og:type\" content=\"article\" \/>\n<meta property=\"og:title\" content=\"Brosses \u00e0 citer - Italclean Europe | La pulizia dove serve e quando serve\" \/>\n<meta property=\"og:description\" content=\"Brosses \u00e0 citer - Italclean Europe: Leader nella vendita di macchine per la pulizia industriale, offre soluzioni innovative e di alta qualit\u00e0 per soddisfare tutte le esigenze di igiene professionale. Scopri la nostra gamma di prodotti avanzati e affidabili per una pulizia efficiente e sicura.\" \/>\n<meta property=\"og:url\" content=\"https:\/\/italcleaneurope.it\/fr\/brosses-a-citer\/\" \/>\n<meta property=\"og:site_name\" content=\"Italclean Europe | La pulizia dove serve e quando serve\" \/>\n<meta property=\"article:modified_time\" content=\"2023-10-27T19:59:19+00:00\" \/>\n<meta property=\"og:image\" content=\"https:\/\/italcleaneurope.it\/wp-content\/uploads\/2023\/07\/8.png\" \/>\n<meta name=\"twitter:card\" content=\"summary_large_image\" \/>\n<meta name=\"twitter:label1\" content=\"Dur\u00e9e de lecture estim\u00e9e\" \/>\n\t<meta name=\"twitter:data1\" content=\"1 minute\" \/>\n<script type=\"application\/ld+json\" class=\"yoast-schema-graph\">{\"@context\":\"https:\\\/\\\/schema.org\",\"@graph\":[{\"@type\":\"WebPage\",\"@id\":\"https:\\\/\\\/italcleaneurope.it\\\/fr\\\/brosses-a-citer\\\/\",\"url\":\"https:\\\/\\\/italcleaneurope.it\\\/fr\\\/brosses-a-citer\\\/\",\"name\":\"Brosses \u00e0 citer - Italclean Europe | La pulizia dove serve e quando serve\",\"isPartOf\":{\"@id\":\"https:\\\/\\\/italcleaneurope.it\\\/fr\\\/#website\"},\"primaryImageOfPage\":{\"@id\":\"https:\\\/\\\/italcleaneurope.it\\\/fr\\\/brosses-a-citer\\\/#primaryimage\"},\"image\":{\"@id\":\"https:\\\/\\\/italcleaneurope.it\\\/fr\\\/brosses-a-citer\\\/#primaryimage\"},\"thumbnailUrl\":\"https:\\\/\\\/italcleaneurope.it\\\/wp-content\\\/uploads\\\/2023\\\/07\\\/8.png\",\"datePublished\":\"2023-07-06T06:41:00+00:00\",\"dateModified\":\"2023-10-27T19:59:19+00:00\",\"description\":\"Brosses \u00e0 citer - Italclean Europe: Leader nella vendita di macchine per la pulizia industriale, offre soluzioni innovative e di alta qualit\u00e0 per soddisfare tutte le esigenze di igiene professionale. Scopri la nostra gamma di prodotti avanzati e affidabili per una pulizia efficiente e sicura.\",\"breadcrumb\":{\"@id\":\"https:\\\/\\\/italcleaneurope.it\\\/fr\\\/brosses-a-citer\\\/#breadcrumb\"},\"inLanguage\":\"fr-FR\",\"potentialAction\":[{\"@type\":\"ReadAction\",\"target\":[\"https:\\\/\\\/italcleaneurope.it\\\/fr\\\/brosses-a-citer\\\/\"]}]},{\"@type\":\"ImageObject\",\"inLanguage\":\"fr-FR\",\"@id\":\"https:\\\/\\\/italcleaneurope.it\\\/fr\\\/brosses-a-citer\\\/#primaryimage\",\"url\":\"https:\\\/\\\/italcleaneurope.it\\\/wp-content\\\/uploads\\\/2023\\\/07\\\/8.png\",\"contentUrl\":\"https:\\\/\\\/italcleaneurope.it\\\/wp-content\\\/uploads\\\/2023\\\/07\\\/8.png\"},{\"@type\":\"BreadcrumbList\",\"@id\":\"https:\\\/\\\/italcleaneurope.it\\\/fr\\\/brosses-a-citer\\\/#breadcrumb\",\"itemListElement\":[{\"@type\":\"ListItem\",\"position\":1,\"name\":\"Home\",\"item\":\"https:\\\/\\\/italcleaneurope.it\\\/fr\\\/accueil\\\/\"},{\"@type\":\"ListItem\",\"position\":2,\"name\":\"Brosses \u00e0 citer\"}]},{\"@type\":\"WebSite\",\"@id\":\"https:\\\/\\\/italcleaneurope.it\\\/fr\\\/#website\",\"url\":\"https:\\\/\\\/italcleaneurope.it\\\/fr\\\/\",\"name\":\"Italclean Europe | La pulizia dove serve e quando serve\",\"description\":\"Macchine per la pulizia industriale con oltre 300 tipi di applicazione per aereoporti, industrie, aziende agricole, enti pubblici.\",\"publisher\":{\"@id\":\"https:\\\/\\\/italcleaneurope.it\\\/fr\\\/#organization\"},\"alternateName\":\"Italcleaneurope\",\"potentialAction\":[{\"@type\":\"SearchAction\",\"target\":{\"@type\":\"EntryPoint\",\"urlTemplate\":\"https:\\\/\\\/italcleaneurope.it\\\/fr\\\/?s={search_term_string}\"},\"query-input\":{\"@type\":\"PropertyValueSpecification\",\"valueRequired\":true,\"valueName\":\"search_term_string\"}}],\"inLanguage\":\"fr-FR\"},{\"@type\":\"Organization\",\"@id\":\"https:\\\/\\\/italcleaneurope.it\\\/fr\\\/#organization\",\"name\":\"Italclean europe srl\",\"alternateName\":\"Italclean\",\"url\":\"https:\\\/\\\/italcleaneurope.it\\\/fr\\\/\",\"logo\":{\"@type\":\"ImageObject\",\"inLanguage\":\"fr-FR\",\"@id\":\"https:\\\/\\\/italcleaneurope.it\\\/fr\\\/#\\\/schema\\\/logo\\\/image\\\/\",\"url\":\"https:\\\/\\\/italcleaneurope.it\\\/wp-content\\\/uploads\\\/2023\\\/05\\\/logo_italclean.jpg\",\"contentUrl\":\"https:\\\/\\\/italcleaneurope.it\\\/wp-content\\\/uploads\\\/2023\\\/05\\\/logo_italclean.jpg\",\"width\":1385,\"height\":586,\"caption\":\"Italclean europe srl\"},\"image\":{\"@id\":\"https:\\\/\\\/italcleaneurope.it\\\/fr\\\/#\\\/schema\\\/logo\\\/image\\\/\"}}]}<\/script>\n<!-- \/ Yoast SEO plugin. -->","yoast_head_json":{"title":"Brosses \u00e0 citer - Italclean Europe | La pulizia dove serve e quando serve","description":"Brosses \u00e0 citer - Italclean Europe: Leader nella vendita di macchine per la pulizia industriale, offre soluzioni innovative e di alta qualit\u00e0 per soddisfare tutte le esigenze di igiene professionale. Scopri la nostra gamma di prodotti avanzati e affidabili per una pulizia efficiente e sicura.","robots":{"index":"index","follow":"follow","max-snippet":"max-snippet:-1","max-image-preview":"max-image-preview:large","max-video-preview":"max-video-preview:-1"},"canonical":"https:\/\/italcleaneurope.it\/fr\/brosses-a-citer\/","og_locale":"fr_FR","og_type":"article","og_title":"Brosses \u00e0 citer - Italclean Europe | La pulizia dove serve e quando serve","og_description":"Brosses \u00e0 citer - Italclean Europe: Leader nella vendita di macchine per la pulizia industriale, offre soluzioni innovative e di alta qualit\u00e0 per soddisfare tutte le esigenze di igiene professionale. Scopri la nostra gamma di prodotti avanzati e affidabili per una pulizia efficiente e sicura.","og_url":"https:\/\/italcleaneurope.it\/fr\/brosses-a-citer\/","og_site_name":"Italclean Europe | La pulizia dove serve e quando serve","article_modified_time":"2023-10-27T19:59:19+00:00","og_image":[{"url":"https:\/\/italcleaneurope.it\/wp-content\/uploads\/2023\/07\/8.png","type":"","width":"","height":""}],"twitter_card":"summary_large_image","twitter_misc":{"Dur\u00e9e de lecture estim\u00e9e":"1 minute"},"schema":{"@context":"https:\/\/schema.org","@graph":[{"@type":"WebPage","@id":"https:\/\/italcleaneurope.it\/fr\/brosses-a-citer\/","url":"https:\/\/italcleaneurope.it\/fr\/brosses-a-citer\/","name":"Brosses \u00e0 citer - Italclean Europe | La pulizia dove serve e quando serve","isPartOf":{"@id":"https:\/\/italcleaneurope.it\/fr\/#website"},"primaryImageOfPage":{"@id":"https:\/\/italcleaneurope.it\/fr\/brosses-a-citer\/#primaryimage"},"image":{"@id":"https:\/\/italcleaneurope.it\/fr\/brosses-a-citer\/#primaryimage"},"thumbnailUrl":"https:\/\/italcleaneurope.it\/wp-content\/uploads\/2023\/07\/8.png","datePublished":"2023-07-06T06:41:00+00:00","dateModified":"2023-10-27T19:59:19+00:00","description":"Brosses \u00e0 citer - Italclean Europe: Leader nella vendita di macchine per la pulizia industriale, offre soluzioni innovative e di alta qualit\u00e0 per soddisfare tutte le esigenze di igiene professionale. Scopri la nostra gamma di prodotti avanzati e affidabili per una pulizia efficiente e sicura.","breadcrumb":{"@id":"https:\/\/italcleaneurope.it\/fr\/brosses-a-citer\/#breadcrumb"},"inLanguage":"fr-FR","potentialAction":[{"@type":"ReadAction","target":["https:\/\/italcleaneurope.it\/fr\/brosses-a-citer\/"]}]},{"@type":"ImageObject","inLanguage":"fr-FR","@id":"https:\/\/italcleaneurope.it\/fr\/brosses-a-citer\/#primaryimage","url":"https:\/\/italcleaneurope.it\/wp-content\/uploads\/2023\/07\/8.png","contentUrl":"https:\/\/italcleaneurope.it\/wp-content\/uploads\/2023\/07\/8.png"},{"@type":"BreadcrumbList","@id":"https:\/\/italcleaneurope.it\/fr\/brosses-a-citer\/#breadcrumb","itemListElement":[{"@type":"ListItem","position":1,"name":"Home","item":"https:\/\/italcleaneurope.it\/fr\/accueil\/"},{"@type":"ListItem","position":2,"name":"Brosses \u00e0 citer"}]},{"@type":"WebSite","@id":"https:\/\/italcleaneurope.it\/fr\/#website","url":"https:\/\/italcleaneurope.it\/fr\/","name":"Italclean Europe | La pulizia dove serve e quando serve","description":"Macchine per la pulizia industriale con oltre 300 tipi di applicazione per aereoporti, industrie, aziende agricole, enti pubblici.","publisher":{"@id":"https:\/\/italcleaneurope.it\/fr\/#organization"},"alternateName":"Italcleaneurope","potentialAction":[{"@type":"SearchAction","target":{"@type":"EntryPoint","urlTemplate":"https:\/\/italcleaneurope.it\/fr\/?s={search_term_string}"},"query-input":{"@type":"PropertyValueSpecification","valueRequired":true,"valueName":"search_term_string"}}],"inLanguage":"fr-FR"},{"@type":"Organization","@id":"https:\/\/italcleaneurope.it\/fr\/#organization","name":"Italclean europe srl","alternateName":"Italclean","url":"https:\/\/italcleaneurope.it\/fr\/","logo":{"@type":"ImageObject","inLanguage":"fr-FR","@id":"https:\/\/italcleaneurope.it\/fr\/#\/schema\/logo\/image\/","url":"https:\/\/italcleaneurope.it\/wp-content\/uploads\/2023\/05\/logo_italclean.jpg","contentUrl":"https:\/\/italcleaneurope.it\/wp-content\/uploads\/2023\/05\/logo_italclean.jpg","width":1385,"height":586,"caption":"Italclean europe srl"},"image":{"@id":"https:\/\/italcleaneurope.it\/fr\/#\/schema\/logo\/image\/"}}]}},"_links":{"self":[{"href":"https:\/\/italcleaneurope.it\/fr\/wp-json\/wp\/v2\/pages\/2881","targetHints":{"allow":["GET"]}}],"collection":[{"href":"https:\/\/italcleaneurope.it\/fr\/wp-json\/wp\/v2\/pages"}],"about":[{"href":"https:\/\/italcleaneurope.it\/fr\/wp-json\/wp\/v2\/types\/page"}],"author":[{"embeddable":true,"href":"https:\/\/italcleaneurope.it\/fr\/wp-json\/wp\/v2\/users\/1"}],"replies":[{"embeddable":true,"href":"https:\/\/italcleaneurope.it\/fr\/wp-json\/wp\/v2\/comments?post=2881"}],"version-history":[{"count":0,"href":"https:\/\/italcleaneurope.it\/fr\/wp-json\/wp\/v2\/pages\/2881\/revisions"}],"wp:attachment":[{"href":"https:\/\/italcleaneurope.it\/fr\/wp-json\/wp\/v2\/media?parent=2881"}],"curies":[{"name":"wp","href":"https:\/\/api.w.org\/{rel}","templated":true}]}}